{"id":8060,"date":"2026-04-25T14:40:29","date_gmt":"2026-04-25T12:40:29","guid":{"rendered":"https:\/\/claudemaillot.com\/?post_type=product&#038;p=8060"},"modified":"2026-04-25T17:37:12","modified_gmt":"2026-04-25T15:37:12","slug":"illustration-etui-creole-hauts-reunion-encre","status":"publish","type":"product","link":"https:\/\/claudemaillot.com\/index.php\/product\/illustration-etui-creole-hauts-reunion-encre\/","title":{"rendered":"Case Cr\u00e9ole des Hauts de La R\u00e9union"},"content":{"rendered":"<p class=\"font-claude-response-body break-words whitespace-normal leading-[1.7]\"><span dir=\"auto\">Il ya des maisons qui ont une \u00e2me. Celle-ci en fait partie.<\/span><\/p>\n<p class=\"font-claude-response-body break-words whitespace-normal leading-[1.7]\"><span id=\"input-sentence~0\">Nich\u00e9e \u00e0 400 m\u00e8tres d&rsquo;altitude quelque part dans les Hauts de La R\u00e9union, cette case cr\u00e9ole est entour\u00e9e de grands palmiers royaux dont les feuilles semblent occuper la quasi-totalit\u00e9 du ciel. <\/span><span id=\"input-sentence~1\">Chaque d\u00e9tail, depuis la frise ouvrag\u00e9e qui embellit la fa\u00e7ade jusqu&rsquo;au superbe escalier en pierre menant \u00e0 l&rsquo;entr\u00e9e \u2014 chaque d\u00e9tail a \u00e9t\u00e9 minutieusement dessin\u00e9 \u00e0 l&rsquo;encre de Chine avec pr\u00e9cision, trait par trait.<\/span><\/p>\n<p class=\"font-claude-response-body break-words whitespace-normal leading-[1.7]\"><span id=\"input-sentence~0\">Ce dessin combine deux techniques : l&rsquo;utilisation de la plume pour r\u00e9aliser un trait net pour l&rsquo;architecture, et le pointillisme pour illustrer la texture du sol et des plantes. <\/span><span id=\"input-sentence~1\">Le r\u00e9sultat : une image \u00e0 la fois douce et extr\u00eamement d\u00e9taill\u00e9e, qui raconte fid\u00e8lement la r\u00e9alit\u00e9 de l&rsquo;\u00eele.<\/span><\/p>\n<p class=\"font-claude-response-body break-words whitespace-normal leading-[1.7]\">Que vous soyez originaire de La R\u00e9union, que vous ayez des amis l\u00e0-bas ou que vous aimiez tout simplement l&rsquo;esth\u00e9tique. Ce dessin peut parfaitement trouver place sur un mur de salon, dans une entr\u00e9e, ou entre les mains de d&rsquo;un \u00eatre cher<\/p>\n<p class=\"font-claude-response-body break-words whitespace-pre-wrap leading-[1.7]\"><span dir=\"auto\">\u2714\ufe0f Dessin original de Claude Maillot \u2714\ufe0f Impression de qualit\u00e9 sur papier \u2714\ufe0f Plusieurs formats disponibles \u2714\ufe0f Livraison soign\u00e9e par la poste<\/span><\/p>\n","protected":false},"excerpt":{"rendered":"<p class=\"font-claude-response-body break-words whitespace-normal leading-[1.7]\"><span dir=\"auto\"> Une case cr\u00e9ole des Hauts de La R\u00e9union dessin\u00e9e \u00e0 l&rsquo;encre de Chine, entour\u00e9e de palmiers royaux. <\/span><\/p>\n<p class=\"font-claude-response-body break-words whitespace-normal leading-[1.7]\"><span dir=\"auto\">Frise ouvrag\u00e9e, volets en bois, escalier en pierre. <\/span><\/p>\n<p class=\"font-claude-response-body break-words whitespace-normal leading-[1.7]\"><span dir=\"auto\">Un dessin plein de vie et de souvenirs.<\/span><\/p>\n<h3>Options d\u2019impression (vendues sans cadre)<\/h3>\n<p><strong>Petit &amp; moyen format<\/strong>\u00a0(20\u00d730 \/ 30\u00d740 cm) \u2014 Papier coton 350g\/m\u00b2 | L<em>ivr\u00e9 \u00e0 plat<\/em><\/p>\n<p><strong>Grand format<\/strong>\u00a0(40\u00d750 \/ 50\u00d770 cm) \u2014 Toile Canvas 400g\/m\u00b2 |\u00a0<em>Livr\u00e9 en tube<\/em><\/p>\n<p><strong>L\u2019original<\/strong>\u00a0(29,7\u00d742 cm) \u2014 Papier bristol 250g\/m\u00b2 |\u00a0<em>Livr\u00e9 \u00e0 plat avec un certificat d\u2019authenticit\u00e9<\/em><\/p>\n<h3 data-path-to-node=\"19,0,0\">S\u00e9lectionnez votre format ci-dessous :<\/h3>\n","protected":false},"featured_media":8061,"comment_status":"open","ping_status":"closed","template":"","meta":{"content-type":""},"product_brand":[124],"product_cat":[271,238],"product_tag":[174,281,278,240,256,260,253],"class_list":{"0":"post-8060","1":"product","2":"type-product","3":"status-publish","4":"has-post-thumbnail","6":"product_brand-claude-maillot","7":"product_cat-architecture-creole","8":"product_cat-serie-la-reunion","9":"product_tag-architecture-creole","10":"product_tag-architecture-tropicale","11":"product_tag-dessin-noir-et-blanc","12":"product_tag-encre-de-chine","13":"product_tag-noir-et-blanc","14":"product_tag-patrimoine-reunionnais","15":"product_tag-pointillisme","16":"latest_post","18":"first","19":"instock","20":"shipping-taxable","21":"product-type-simple"},"yoast_head":"<!-- This site is optimized with the Yoast SEO plugin v27.4 - https:\/\/yoast.com\/product\/yoast-seo-wordpress\/ -->\n<title>Case Cr\u00e9ole des Hauts de La R\u00e9union, Claude Maillot<\/title>\n<meta name=\"description\" content=\"Dessin \u00e0 l&#039;encre de Chine d&#039;une case cr\u00e9ole des Hauts de La R\u00e9union, entour\u00e9e de palmiers royaux. Une illustration \u00e0 encadrer ou \u00e0 offrir.\" \/>\n<meta name=\"robots\" content=\"index, follow, max-snippet:-1, max-image-preview:large, max-video-preview:-1\" \/>\n<link rel=\"canonical\" href=\"https:\/\/claudemaillot.com\/index.php\/product\/illustration-etui-creole-hauts-reunion-encre\/\" \/>\n<meta property=\"og:locale\" content=\"fr_FR\" \/>\n<meta property=\"og:type\" content=\"article\" \/>\n<meta property=\"og:title\" content=\"Case Cr\u00e9ole des Hauts de La R\u00e9union, Claude Maillot\" \/>\n<meta property=\"og:description\" content=\"Dessin \u00e0 l&#039;encre de Chine d&#039;une case cr\u00e9ole des Hauts de La R\u00e9union, entour\u00e9e de palmiers royaux. Une illustration \u00e0 encadrer ou \u00e0 offrir.\" \/>\n<meta property=\"og:url\" content=\"https:\/\/claudemaillot.com\/index.php\/product\/illustration-etui-creole-hauts-reunion-encre\/\" \/>\n<meta property=\"og:site_name\" content=\"Claude Maillot\" \/>\n<meta property=\"article:publisher\" content=\"https:\/\/www.facebook.com\/claude.maillot.58?locale=fr_FR\" \/>\n<meta property=\"article:modified_time\" content=\"2026-04-25T15:37:12+00:00\" \/>\n<meta property=\"og:image\" content=\"https:\/\/claudemaillot.com\/wp-content\/uploads\/2026\/04\/Les-avirons-.jpg\" \/>\n\t<meta property=\"og:image:width\" content=\"1200\" \/>\n\t<meta property=\"og:image:height\" content=\"1200\" \/>\n\t<meta property=\"og:image:type\" content=\"image\/jpeg\" \/>\n<meta name=\"twitter:card\" content=\"summary_large_image\" \/>\n<meta name=\"twitter:label1\" content=\"Dur\u00e9e de lecture estim\u00e9e\" \/>\n\t<meta name=\"twitter:data1\" content=\"2 minutes\" \/>\n<script type=\"application\/ld+json\" class=\"yoast-schema-graph\">{\"@context\":\"https:\\\/\\\/schema.org\",\"@graph\":[{\"@type\":\"WebPage\",\"@id\":\"https:\\\/\\\/claudemaillot.com\\\/index.php\\\/product\\\/illustration-etui-creole-hauts-reunion-encre\\\/\",\"url\":\"https:\\\/\\\/claudemaillot.com\\\/index.php\\\/product\\\/illustration-etui-creole-hauts-reunion-encre\\\/\",\"name\":\"Case Cr\u00e9ole des Hauts de La R\u00e9union, Claude Maillot\",\"isPartOf\":{\"@id\":\"https:\\\/\\\/claudemaillot.com\\\/#website\"},\"primaryImageOfPage\":{\"@id\":\"https:\\\/\\\/claudemaillot.com\\\/index.php\\\/product\\\/illustration-etui-creole-hauts-reunion-encre\\\/#primaryimage\"},\"image\":{\"@id\":\"https:\\\/\\\/claudemaillot.com\\\/index.php\\\/product\\\/illustration-etui-creole-hauts-reunion-encre\\\/#primaryimage\"},\"thumbnailUrl\":\"https:\\\/\\\/claudemaillot.com\\\/wp-content\\\/uploads\\\/2026\\\/04\\\/Les-avirons-.jpg\",\"datePublished\":\"2026-04-25T12:40:29+00:00\",\"dateModified\":\"2026-04-25T15:37:12+00:00\",\"description\":\"Dessin \u00e0 l'encre de Chine d'une case cr\u00e9ole des Hauts de La R\u00e9union, entour\u00e9e de palmiers royaux. Une illustration \u00e0 encadrer ou \u00e0 offrir.\",\"breadcrumb\":{\"@id\":\"https:\\\/\\\/claudemaillot.com\\\/index.php\\\/product\\\/illustration-etui-creole-hauts-reunion-encre\\\/#breadcrumb\"},\"inLanguage\":\"fr-FR\",\"potentialAction\":[{\"@type\":\"ReadAction\",\"target\":[\"https:\\\/\\\/claudemaillot.com\\\/index.php\\\/product\\\/illustration-etui-creole-hauts-reunion-encre\\\/\"]}]},{\"@type\":\"ImageObject\",\"inLanguage\":\"fr-FR\",\"@id\":\"https:\\\/\\\/claudemaillot.com\\\/index.php\\\/product\\\/illustration-etui-creole-hauts-reunion-encre\\\/#primaryimage\",\"url\":\"https:\\\/\\\/claudemaillot.com\\\/wp-content\\\/uploads\\\/2026\\\/04\\\/Les-avirons-.jpg\",\"contentUrl\":\"https:\\\/\\\/claudemaillot.com\\\/wp-content\\\/uploads\\\/2026\\\/04\\\/Les-avirons-.jpg\",\"width\":1200,\"height\":1200,\"caption\":\"Les Avirons\"},{\"@type\":\"BreadcrumbList\",\"@id\":\"https:\\\/\\\/claudemaillot.com\\\/index.php\\\/product\\\/illustration-etui-creole-hauts-reunion-encre\\\/#breadcrumb\",\"itemListElement\":[{\"@type\":\"ListItem\",\"position\":1,\"name\":\"Accueil\",\"item\":\"https:\\\/\\\/claudemaillot.com\\\/\"},{\"@type\":\"ListItem\",\"position\":2,\"name\":\"Ma boutique\",\"item\":\"https:\\\/\\\/claudemaillot.com\\\/index.php\\\/ma-boutique-claude-maillot\\\/\"},{\"@type\":\"ListItem\",\"position\":3,\"name\":\"Case Cr\u00e9ole des Hauts de La R\u00e9union\"}]},{\"@type\":\"WebSite\",\"@id\":\"https:\\\/\\\/claudemaillot.com\\\/#website\",\"url\":\"https:\\\/\\\/claudemaillot.com\\\/\",\"name\":\"Claude Maillot\",\"description\":\"Un trait tout simplement avec passion et patience\",\"publisher\":{\"@id\":\"https:\\\/\\\/claudemaillot.com\\\/#\\\/schema\\\/person\\\/4b127cb441d7503c9c8126de84eeece1\"},\"potentialAction\":[{\"@type\":\"SearchAction\",\"target\":{\"@type\":\"EntryPoint\",\"urlTemplate\":\"https:\\\/\\\/claudemaillot.com\\\/?s={search_term_string}\"},\"query-input\":{\"@type\":\"PropertyValueSpecification\",\"valueRequired\":true,\"valueName\":\"search_term_string\"}}],\"inLanguage\":\"fr-FR\"},{\"@type\":[\"Person\",\"Organization\"],\"@id\":\"https:\\\/\\\/claudemaillot.com\\\/#\\\/schema\\\/person\\\/4b127cb441d7503c9c8126de84eeece1\",\"name\":\"Claude Maillot\",\"image\":{\"@type\":\"ImageObject\",\"inLanguage\":\"fr-FR\",\"@id\":\"http:\\\/\\\/claudemaillot.com\\\/wp-content\\\/uploads\\\/2025\\\/06\\\/Logo-CM.png\",\"url\":\"http:\\\/\\\/claudemaillot.com\\\/wp-content\\\/uploads\\\/2025\\\/06\\\/Logo-CM.png\",\"contentUrl\":\"http:\\\/\\\/claudemaillot.com\\\/wp-content\\\/uploads\\\/2025\\\/06\\\/Logo-CM.png\",\"width\":500,\"height\":500,\"caption\":\"Claude Maillot\"},\"logo\":{\"@id\":\"http:\\\/\\\/claudemaillot.com\\\/wp-content\\\/uploads\\\/2025\\\/06\\\/Logo-CM.png\"},\"sameAs\":[\"https:\\\/\\\/claudemaillot.com\",\"https:\\\/\\\/www.facebook.com\\\/claude.maillot.58?locale=fr_FR\",\"https:\\\/\\\/www.instagram.com\\\/claude_maillot\\\/\",\"https:\\\/\\\/www.linkedin.com\\\/in\\\/claude-maillot\\\/\",\"https:\\\/\\\/fr.pinterest.com\\\/claudemaillot7\\\/\"]}]}<\/script>\n<!-- \/ Yoast SEO plugin. -->","yoast_head_json":{"title":"Case Cr\u00e9ole des Hauts de La R\u00e9union, Claude Maillot","description":"Dessin \u00e0 l'encre de Chine d'une case cr\u00e9ole des Hauts de La R\u00e9union, entour\u00e9e de palmiers royaux. Une illustration \u00e0 encadrer ou \u00e0 offrir.","robots":{"index":"index","follow":"follow","max-snippet":"max-snippet:-1","max-image-preview":"max-image-preview:large","max-video-preview":"max-video-preview:-1"},"canonical":"https:\/\/claudemaillot.com\/index.php\/product\/illustration-etui-creole-hauts-reunion-encre\/","og_locale":"fr_FR","og_type":"article","og_title":"Case Cr\u00e9ole des Hauts de La R\u00e9union, Claude Maillot","og_description":"Dessin \u00e0 l'encre de Chine d'une case cr\u00e9ole des Hauts de La R\u00e9union, entour\u00e9e de palmiers royaux. Une illustration \u00e0 encadrer ou \u00e0 offrir.","og_url":"https:\/\/claudemaillot.com\/index.php\/product\/illustration-etui-creole-hauts-reunion-encre\/","og_site_name":"Claude Maillot","article_publisher":"https:\/\/www.facebook.com\/claude.maillot.58?locale=fr_FR","article_modified_time":"2026-04-25T15:37:12+00:00","og_image":[{"width":1200,"height":1200,"url":"https:\/\/claudemaillot.com\/wp-content\/uploads\/2026\/04\/Les-avirons-.jpg","type":"image\/jpeg"}],"twitter_card":"summary_large_image","twitter_misc":{"Dur\u00e9e de lecture estim\u00e9e":"2 minutes"},"schema":{"@context":"https:\/\/schema.org","@graph":[{"@type":"WebPage","@id":"https:\/\/claudemaillot.com\/index.php\/product\/illustration-etui-creole-hauts-reunion-encre\/","url":"https:\/\/claudemaillot.com\/index.php\/product\/illustration-etui-creole-hauts-reunion-encre\/","name":"Case Cr\u00e9ole des Hauts de La R\u00e9union, Claude Maillot","isPartOf":{"@id":"https:\/\/claudemaillot.com\/#website"},"primaryImageOfPage":{"@id":"https:\/\/claudemaillot.com\/index.php\/product\/illustration-etui-creole-hauts-reunion-encre\/#primaryimage"},"image":{"@id":"https:\/\/claudemaillot.com\/index.php\/product\/illustration-etui-creole-hauts-reunion-encre\/#primaryimage"},"thumbnailUrl":"https:\/\/claudemaillot.com\/wp-content\/uploads\/2026\/04\/Les-avirons-.jpg","datePublished":"2026-04-25T12:40:29+00:00","dateModified":"2026-04-25T15:37:12+00:00","description":"Dessin \u00e0 l'encre de Chine d'une case cr\u00e9ole des Hauts de La R\u00e9union, entour\u00e9e de palmiers royaux. Une illustration \u00e0 encadrer ou \u00e0 offrir.","breadcrumb":{"@id":"https:\/\/claudemaillot.com\/index.php\/product\/illustration-etui-creole-hauts-reunion-encre\/#breadcrumb"},"inLanguage":"fr-FR","potentialAction":[{"@type":"ReadAction","target":["https:\/\/claudemaillot.com\/index.php\/product\/illustration-etui-creole-hauts-reunion-encre\/"]}]},{"@type":"ImageObject","inLanguage":"fr-FR","@id":"https:\/\/claudemaillot.com\/index.php\/product\/illustration-etui-creole-hauts-reunion-encre\/#primaryimage","url":"https:\/\/claudemaillot.com\/wp-content\/uploads\/2026\/04\/Les-avirons-.jpg","contentUrl":"https:\/\/claudemaillot.com\/wp-content\/uploads\/2026\/04\/Les-avirons-.jpg","width":1200,"height":1200,"caption":"Les Avirons"},{"@type":"BreadcrumbList","@id":"https:\/\/claudemaillot.com\/index.php\/product\/illustration-etui-creole-hauts-reunion-encre\/#breadcrumb","itemListElement":[{"@type":"ListItem","position":1,"name":"Accueil","item":"https:\/\/claudemaillot.com\/"},{"@type":"ListItem","position":2,"name":"Ma boutique","item":"https:\/\/claudemaillot.com\/index.php\/ma-boutique-claude-maillot\/"},{"@type":"ListItem","position":3,"name":"Case Cr\u00e9ole des Hauts de La R\u00e9union"}]},{"@type":"WebSite","@id":"https:\/\/claudemaillot.com\/#website","url":"https:\/\/claudemaillot.com\/","name":"Claude Maillot","description":"Un trait tout simplement avec passion et patience","publisher":{"@id":"https:\/\/claudemaillot.com\/#\/schema\/person\/4b127cb441d7503c9c8126de84eeece1"},"potentialAction":[{"@type":"SearchAction","target":{"@type":"EntryPoint","urlTemplate":"https:\/\/claudemaillot.com\/?s={search_term_string}"},"query-input":{"@type":"PropertyValueSpecification","valueRequired":true,"valueName":"search_term_string"}}],"inLanguage":"fr-FR"},{"@type":["Person","Organization"],"@id":"https:\/\/claudemaillot.com\/#\/schema\/person\/4b127cb441d7503c9c8126de84eeece1","name":"Claude Maillot","image":{"@type":"ImageObject","inLanguage":"fr-FR","@id":"http:\/\/claudemaillot.com\/wp-content\/uploads\/2025\/06\/Logo-CM.png","url":"http:\/\/claudemaillot.com\/wp-content\/uploads\/2025\/06\/Logo-CM.png","contentUrl":"http:\/\/claudemaillot.com\/wp-content\/uploads\/2025\/06\/Logo-CM.png","width":500,"height":500,"caption":"Claude Maillot"},"logo":{"@id":"http:\/\/claudemaillot.com\/wp-content\/uploads\/2025\/06\/Logo-CM.png"},"sameAs":["https:\/\/claudemaillot.com","https:\/\/www.facebook.com\/claude.maillot.58?locale=fr_FR","https:\/\/www.instagram.com\/claude_maillot\/","https:\/\/www.linkedin.com\/in\/claude-maillot\/","https:\/\/fr.pinterest.com\/claudemaillot7\/"]}]}},"_links":{"self":[{"href":"https:\/\/claudemaillot.com\/index.php\/wp-json\/wp\/v2\/product\/8060","targetHints":{"allow":["GET"]}}],"collection":[{"href":"https:\/\/claudemaillot.com\/index.php\/wp-json\/wp\/v2\/product"}],"about":[{"href":"https:\/\/claudemaillot.com\/index.php\/wp-json\/wp\/v2\/types\/product"}],"replies":[{"embeddable":true,"href":"https:\/\/claudemaillot.com\/index.php\/wp-json\/wp\/v2\/comments?post=8060"}],"wp:featuredmedia":[{"embeddable":true,"href":"https:\/\/claudemaillot.com\/index.php\/wp-json\/wp\/v2\/media\/8061"}],"wp:attachment":[{"href":"https:\/\/claudemaillot.com\/index.php\/wp-json\/wp\/v2\/media?parent=8060"}],"wp:term":[{"taxonomy":"product_brand","embeddable":true,"href":"https:\/\/claudemaillot.com\/index.php\/wp-json\/wp\/v2\/product_brand?post=8060"},{"taxonomy":"product_cat","embeddable":true,"href":"https:\/\/claudemaillot.com\/index.php\/wp-json\/wp\/v2\/product_cat?post=8060"},{"taxonomy":"product_tag","embeddable":true,"href":"https:\/\/claudemaillot.com\/index.php\/wp-json\/wp\/v2\/product_tag?post=8060"}],"curies":[{"name":"wp","href":"https:\/\/api.w.org\/{rel}","templated":true}]}}