{"id":8028,"date":"2026-04-24T08:00:39","date_gmt":"2026-04-24T06:00:39","guid":{"rendered":"https:\/\/claudemaillot.com\/?post_type=product&#038;p=8028"},"modified":"2026-04-24T09:27:53","modified_gmt":"2026-04-24T07:27:53","slug":"villa-riviere-estampe-encre-illustration-architecturale","status":"publish","type":"product","link":"https:\/\/claudemaillot.com\/index.php\/product\/villa-riviere-estampe-encre-illustration-architecturale\/","title":{"rendered":"Villa Rivi\u00e8re La R\u00e9union"},"content":{"rendered":"<p><span id=\"input-sentence~0\">Ce dessin \u00e0 l&rsquo;encre noire repr\u00e9sente le portail embl\u00e9matique de <strong>La Villa Rivi\u00e8re<\/strong>, tr\u00e9sor du <strong>patrimoine cr\u00e9ole de Saint-Paul \u00e0 l&rsquo;\u00cele de la R\u00e9union. <\/strong><\/span><\/p>\n<p><span id=\"input-sentence~1\">Le dessin met en \u00e9vidence les spirales caract\u00e9ristiques des pilastres, la <strong>riche v\u00e9g\u00e9tation tropicale<\/strong> (palmier, cactus, feuillages d\u00e9bordants) ainsi que les<strong> jeux de lumi\u00e8re solair<\/strong>e sur le mur blanc.<\/span><\/p>\n<p><span id=\"input-sentence~1\"><\/span><span id=\"input-sentence~2\">Le travail de pointill\u00e9 reproduit fid\u00e8lement l&rsquo;ambiance lumineuse et ombrag\u00e9e propre de l&rsquo;<strong>architecture coloniale r\u00e9unionnaise<\/strong>.<\/span><\/p>\n<p><span id=\"input-sentence~3\">Une cr\u00e9ation visuelle qui rend hommage \u00e0 la richesse et \u00e0 la diversit\u00e9 du <strong>patrimoine architecturale de l&rsquo;\u00eele<\/strong>, alliant le chic cr\u00e9ole \u00e0 une nature tropicale abondante.<\/span><\/p>\n","protected":false},"excerpt":{"rendered":"<p><span id=\"input-sentence~0\">Dessin original r\u00e9alis\u00e9 \u00e0 l&rsquo;<strong>encre de Chine noire<\/strong> du c\u00e9l\u00e8bre portail de la Villa Rivi\u00e8re situ\u00e9e \u00e0 Saint-Paul, sur <strong>l&rsquo;\u00cele de la R\u00e9union<\/strong>.<\/span><\/p>\n<p><span id=\"input-sentence~1\">Un hommage visuel au <strong>patrimoine colonial cr\u00e9ole<\/strong>, alliant l&rsquo;\u00e9l\u00e9gance architecturale avec les ombres tropicales.<\/span><\/p>\n<h3>Options d\u2019impression (vendues sans cadre)<\/h3>\n<p><strong>Petit &amp; moyen format<\/strong>\u00a0(20\u00d730 \/ 30\u00d740 cm) \u2014 Papier coton 350g\/m\u00b2 | L<em>ivr\u00e9 \u00e0 plat<\/em><\/p>\n<p><strong>Grand format<\/strong>\u00a0(40\u00d750 \/ 50\u00d770 cm) \u2014 Toile Canvas 400g\/m\u00b2 |\u00a0<em>Livr\u00e9 en tube<\/em><\/p>\n<p><strong>L\u2019original<\/strong>\u00a0(29,7\u00d742 cm) \u2014 Papier bristol 250g\/m\u00b2 |\u00a0<em>Livr\u00e9 \u00e0 plat avec un certificat d\u2019authenticit\u00e9<\/em><\/p>\n<h3 data-path-to-node=\"19,0,0\">S\u00e9lectionnez votre format ci-dessous :<\/h3>\n","protected":false},"featured_media":8036,"comment_status":"open","ping_status":"closed","template":"","meta":{"content-type":""},"product_brand":[],"product_cat":[271,163,237,238],"product_tag":[174,281,255,242,240,256,260,253],"class_list":{"0":"post-8028","1":"product","2":"type-product","3":"status-publish","4":"has-post-thumbnail","6":"product_cat-architecture-creole","7":"product_cat-cadeaux","8":"product_cat-inspiration-tropicale","9":"product_cat-serie-la-reunion","10":"product_tag-architecture-creole","11":"product_tag-architecture-tropicale","12":"product_tag-cadeau-de-prestige","13":"product_tag-decoration-tropicale","14":"product_tag-encre-de-chine","15":"product_tag-noir-et-blanc","16":"product_tag-patrimoine-reunionnais","17":"product_tag-pointillisme","18":"latest_post","20":"first","21":"instock","22":"shipping-taxable","23":"purchasable","24":"product-type-variable"},"yoast_head":"<!-- This site is optimized with the Yoast SEO plugin v27.4 - https:\/\/yoast.com\/product\/yoast-seo-wordpress\/ -->\n<title>Villa Rivi\u00e8re \u2013 Illustration architecturale originale<\/title>\n<meta name=\"description\" content=\"Illustration \u00e0 l&#039;encre repr\u00e9sentant le portail de la Villa Rivi\u00e8re. Dessin au trait et pointill\u00e9, style Belle \u00c9poque. \u0152uvre unique pour int\u00e9rieur raffin\u00e9.\" \/>\n<meta name=\"robots\" content=\"index, follow, max-snippet:-1, max-image-preview:large, max-video-preview:-1\" \/>\n<link rel=\"canonical\" href=\"https:\/\/claudemaillot.com\/index.php\/product\/villa-riviere-estampe-encre-illustration-architecturale\/\" \/>\n<meta property=\"og:locale\" content=\"fr_FR\" \/>\n<meta property=\"og:type\" content=\"article\" \/>\n<meta property=\"og:title\" content=\"Villa Rivi\u00e8re \u2013 Illustration architecturale originale\" \/>\n<meta property=\"og:description\" content=\"Illustration \u00e0 l&#039;encre repr\u00e9sentant le portail de la Villa Rivi\u00e8re. Dessin au trait et pointill\u00e9, style Belle \u00c9poque. \u0152uvre unique pour int\u00e9rieur raffin\u00e9.\" \/>\n<meta property=\"og:url\" content=\"https:\/\/claudemaillot.com\/index.php\/product\/villa-riviere-estampe-encre-illustration-architecturale\/\" \/>\n<meta property=\"og:site_name\" content=\"Claude Maillot\" \/>\n<meta property=\"article:publisher\" content=\"https:\/\/www.facebook.com\/claude.maillot.58?locale=fr_FR\" \/>\n<meta property=\"article:modified_time\" content=\"2026-04-24T07:27:53+00:00\" \/>\n<meta property=\"og:image\" content=\"https:\/\/claudemaillot.com\/wp-content\/uploads\/2026\/04\/Villa-Riviere-.jpg\" \/>\n\t<meta property=\"og:image:width\" content=\"1200\" \/>\n\t<meta property=\"og:image:height\" content=\"1200\" \/>\n\t<meta property=\"og:image:type\" content=\"image\/jpeg\" \/>\n<meta name=\"twitter:card\" content=\"summary_large_image\" \/>\n<meta name=\"twitter:label1\" content=\"Dur\u00e9e de lecture estim\u00e9e\" \/>\n\t<meta name=\"twitter:data1\" content=\"1 minute\" \/>\n<script type=\"application\/ld+json\" class=\"yoast-schema-graph\">{\"@context\":\"https:\\\/\\\/schema.org\",\"@graph\":[{\"@type\":\"WebPage\",\"@id\":\"https:\\\/\\\/claudemaillot.com\\\/index.php\\\/product\\\/villa-riviere-estampe-encre-illustration-architecturale\\\/\",\"url\":\"https:\\\/\\\/claudemaillot.com\\\/index.php\\\/product\\\/villa-riviere-estampe-encre-illustration-architecturale\\\/\",\"name\":\"Villa Rivi\u00e8re \u2013 Illustration architecturale originale\",\"isPartOf\":{\"@id\":\"https:\\\/\\\/claudemaillot.com\\\/#website\"},\"primaryImageOfPage\":{\"@id\":\"https:\\\/\\\/claudemaillot.com\\\/index.php\\\/product\\\/villa-riviere-estampe-encre-illustration-architecturale\\\/#primaryimage\"},\"image\":{\"@id\":\"https:\\\/\\\/claudemaillot.com\\\/index.php\\\/product\\\/villa-riviere-estampe-encre-illustration-architecturale\\\/#primaryimage\"},\"thumbnailUrl\":\"https:\\\/\\\/claudemaillot.com\\\/wp-content\\\/uploads\\\/2026\\\/04\\\/Villa-Riviere-.jpg\",\"datePublished\":\"2026-04-24T06:00:39+00:00\",\"dateModified\":\"2026-04-24T07:27:53+00:00\",\"description\":\"Illustration \u00e0 l'encre repr\u00e9sentant le portail de la Villa Rivi\u00e8re. Dessin au trait et pointill\u00e9, style Belle \u00c9poque. \u0152uvre unique pour int\u00e9rieur raffin\u00e9.\",\"breadcrumb\":{\"@id\":\"https:\\\/\\\/claudemaillot.com\\\/index.php\\\/product\\\/villa-riviere-estampe-encre-illustration-architecturale\\\/#breadcrumb\"},\"inLanguage\":\"fr-FR\",\"potentialAction\":[{\"@type\":\"ReadAction\",\"target\":[\"https:\\\/\\\/claudemaillot.com\\\/index.php\\\/product\\\/villa-riviere-estampe-encre-illustration-architecturale\\\/\"]}]},{\"@type\":\"ImageObject\",\"inLanguage\":\"fr-FR\",\"@id\":\"https:\\\/\\\/claudemaillot.com\\\/index.php\\\/product\\\/villa-riviere-estampe-encre-illustration-architecturale\\\/#primaryimage\",\"url\":\"https:\\\/\\\/claudemaillot.com\\\/wp-content\\\/uploads\\\/2026\\\/04\\\/Villa-Riviere-.jpg\",\"contentUrl\":\"https:\\\/\\\/claudemaillot.com\\\/wp-content\\\/uploads\\\/2026\\\/04\\\/Villa-Riviere-.jpg\",\"width\":1200,\"height\":1200,\"caption\":\"Villa Rivi\u00e8re\"},{\"@type\":\"BreadcrumbList\",\"@id\":\"https:\\\/\\\/claudemaillot.com\\\/index.php\\\/product\\\/villa-riviere-estampe-encre-illustration-architecturale\\\/#breadcrumb\",\"itemListElement\":[{\"@type\":\"ListItem\",\"position\":1,\"name\":\"Accueil\",\"item\":\"https:\\\/\\\/claudemaillot.com\\\/\"},{\"@type\":\"ListItem\",\"position\":2,\"name\":\"Ma boutique\",\"item\":\"https:\\\/\\\/claudemaillot.com\\\/index.php\\\/ma-boutique-claude-maillot\\\/\"},{\"@type\":\"ListItem\",\"position\":3,\"name\":\"Villa Rivi\u00e8re La R\u00e9union\"}]},{\"@type\":\"WebSite\",\"@id\":\"https:\\\/\\\/claudemaillot.com\\\/#website\",\"url\":\"https:\\\/\\\/claudemaillot.com\\\/\",\"name\":\"Claude Maillot\",\"description\":\"Un trait tout simplement avec passion et patience\",\"publisher\":{\"@id\":\"https:\\\/\\\/claudemaillot.com\\\/#\\\/schema\\\/person\\\/4b127cb441d7503c9c8126de84eeece1\"},\"potentialAction\":[{\"@type\":\"SearchAction\",\"target\":{\"@type\":\"EntryPoint\",\"urlTemplate\":\"https:\\\/\\\/claudemaillot.com\\\/?s={search_term_string}\"},\"query-input\":{\"@type\":\"PropertyValueSpecification\",\"valueRequired\":true,\"valueName\":\"search_term_string\"}}],\"inLanguage\":\"fr-FR\"},{\"@type\":[\"Person\",\"Organization\"],\"@id\":\"https:\\\/\\\/claudemaillot.com\\\/#\\\/schema\\\/person\\\/4b127cb441d7503c9c8126de84eeece1\",\"name\":\"Claude Maillot\",\"image\":{\"@type\":\"ImageObject\",\"inLanguage\":\"fr-FR\",\"@id\":\"http:\\\/\\\/claudemaillot.com\\\/wp-content\\\/uploads\\\/2025\\\/06\\\/Logo-CM.png\",\"url\":\"http:\\\/\\\/claudemaillot.com\\\/wp-content\\\/uploads\\\/2025\\\/06\\\/Logo-CM.png\",\"contentUrl\":\"http:\\\/\\\/claudemaillot.com\\\/wp-content\\\/uploads\\\/2025\\\/06\\\/Logo-CM.png\",\"width\":500,\"height\":500,\"caption\":\"Claude Maillot\"},\"logo\":{\"@id\":\"http:\\\/\\\/claudemaillot.com\\\/wp-content\\\/uploads\\\/2025\\\/06\\\/Logo-CM.png\"},\"sameAs\":[\"https:\\\/\\\/claudemaillot.com\",\"https:\\\/\\\/www.facebook.com\\\/claude.maillot.58?locale=fr_FR\",\"https:\\\/\\\/www.instagram.com\\\/claude_maillot\\\/\",\"https:\\\/\\\/www.linkedin.com\\\/in\\\/claude-maillot\\\/\",\"https:\\\/\\\/fr.pinterest.com\\\/claudemaillot7\\\/\"]}]}<\/script>\n<!-- \/ Yoast SEO plugin. -->","yoast_head_json":{"title":"Villa Rivi\u00e8re \u2013 Illustration architecturale originale","description":"Illustration \u00e0 l'encre repr\u00e9sentant le portail de la Villa Rivi\u00e8re. Dessin au trait et pointill\u00e9, style Belle \u00c9poque. \u0152uvre unique pour int\u00e9rieur raffin\u00e9.","robots":{"index":"index","follow":"follow","max-snippet":"max-snippet:-1","max-image-preview":"max-image-preview:large","max-video-preview":"max-video-preview:-1"},"canonical":"https:\/\/claudemaillot.com\/index.php\/product\/villa-riviere-estampe-encre-illustration-architecturale\/","og_locale":"fr_FR","og_type":"article","og_title":"Villa Rivi\u00e8re \u2013 Illustration architecturale originale","og_description":"Illustration \u00e0 l'encre repr\u00e9sentant le portail de la Villa Rivi\u00e8re. Dessin au trait et pointill\u00e9, style Belle \u00c9poque. \u0152uvre unique pour int\u00e9rieur raffin\u00e9.","og_url":"https:\/\/claudemaillot.com\/index.php\/product\/villa-riviere-estampe-encre-illustration-architecturale\/","og_site_name":"Claude Maillot","article_publisher":"https:\/\/www.facebook.com\/claude.maillot.58?locale=fr_FR","article_modified_time":"2026-04-24T07:27:53+00:00","og_image":[{"width":1200,"height":1200,"url":"https:\/\/claudemaillot.com\/wp-content\/uploads\/2026\/04\/Villa-Riviere-.jpg","type":"image\/jpeg"}],"twitter_card":"summary_large_image","twitter_misc":{"Dur\u00e9e de lecture estim\u00e9e":"1 minute"},"schema":{"@context":"https:\/\/schema.org","@graph":[{"@type":"WebPage","@id":"https:\/\/claudemaillot.com\/index.php\/product\/villa-riviere-estampe-encre-illustration-architecturale\/","url":"https:\/\/claudemaillot.com\/index.php\/product\/villa-riviere-estampe-encre-illustration-architecturale\/","name":"Villa Rivi\u00e8re \u2013 Illustration architecturale originale","isPartOf":{"@id":"https:\/\/claudemaillot.com\/#website"},"primaryImageOfPage":{"@id":"https:\/\/claudemaillot.com\/index.php\/product\/villa-riviere-estampe-encre-illustration-architecturale\/#primaryimage"},"image":{"@id":"https:\/\/claudemaillot.com\/index.php\/product\/villa-riviere-estampe-encre-illustration-architecturale\/#primaryimage"},"thumbnailUrl":"https:\/\/claudemaillot.com\/wp-content\/uploads\/2026\/04\/Villa-Riviere-.jpg","datePublished":"2026-04-24T06:00:39+00:00","dateModified":"2026-04-24T07:27:53+00:00","description":"Illustration \u00e0 l'encre repr\u00e9sentant le portail de la Villa Rivi\u00e8re. Dessin au trait et pointill\u00e9, style Belle \u00c9poque. \u0152uvre unique pour int\u00e9rieur raffin\u00e9.","breadcrumb":{"@id":"https:\/\/claudemaillot.com\/index.php\/product\/villa-riviere-estampe-encre-illustration-architecturale\/#breadcrumb"},"inLanguage":"fr-FR","potentialAction":[{"@type":"ReadAction","target":["https:\/\/claudemaillot.com\/index.php\/product\/villa-riviere-estampe-encre-illustration-architecturale\/"]}]},{"@type":"ImageObject","inLanguage":"fr-FR","@id":"https:\/\/claudemaillot.com\/index.php\/product\/villa-riviere-estampe-encre-illustration-architecturale\/#primaryimage","url":"https:\/\/claudemaillot.com\/wp-content\/uploads\/2026\/04\/Villa-Riviere-.jpg","contentUrl":"https:\/\/claudemaillot.com\/wp-content\/uploads\/2026\/04\/Villa-Riviere-.jpg","width":1200,"height":1200,"caption":"Villa Rivi\u00e8re"},{"@type":"BreadcrumbList","@id":"https:\/\/claudemaillot.com\/index.php\/product\/villa-riviere-estampe-encre-illustration-architecturale\/#breadcrumb","itemListElement":[{"@type":"ListItem","position":1,"name":"Accueil","item":"https:\/\/claudemaillot.com\/"},{"@type":"ListItem","position":2,"name":"Ma boutique","item":"https:\/\/claudemaillot.com\/index.php\/ma-boutique-claude-maillot\/"},{"@type":"ListItem","position":3,"name":"Villa Rivi\u00e8re La R\u00e9union"}]},{"@type":"WebSite","@id":"https:\/\/claudemaillot.com\/#website","url":"https:\/\/claudemaillot.com\/","name":"Claude Maillot","description":"Un trait tout simplement avec passion et patience","publisher":{"@id":"https:\/\/claudemaillot.com\/#\/schema\/person\/4b127cb441d7503c9c8126de84eeece1"},"potentialAction":[{"@type":"SearchAction","target":{"@type":"EntryPoint","urlTemplate":"https:\/\/claudemaillot.com\/?s={search_term_string}"},"query-input":{"@type":"PropertyValueSpecification","valueRequired":true,"valueName":"search_term_string"}}],"inLanguage":"fr-FR"},{"@type":["Person","Organization"],"@id":"https:\/\/claudemaillot.com\/#\/schema\/person\/4b127cb441d7503c9c8126de84eeece1","name":"Claude Maillot","image":{"@type":"ImageObject","inLanguage":"fr-FR","@id":"http:\/\/claudemaillot.com\/wp-content\/uploads\/2025\/06\/Logo-CM.png","url":"http:\/\/claudemaillot.com\/wp-content\/uploads\/2025\/06\/Logo-CM.png","contentUrl":"http:\/\/claudemaillot.com\/wp-content\/uploads\/2025\/06\/Logo-CM.png","width":500,"height":500,"caption":"Claude Maillot"},"logo":{"@id":"http:\/\/claudemaillot.com\/wp-content\/uploads\/2025\/06\/Logo-CM.png"},"sameAs":["https:\/\/claudemaillot.com","https:\/\/www.facebook.com\/claude.maillot.58?locale=fr_FR","https:\/\/www.instagram.com\/claude_maillot\/","https:\/\/www.linkedin.com\/in\/claude-maillot\/","https:\/\/fr.pinterest.com\/claudemaillot7\/"]}]}},"_links":{"self":[{"href":"https:\/\/claudemaillot.com\/index.php\/wp-json\/wp\/v2\/product\/8028","targetHints":{"allow":["GET"]}}],"collection":[{"href":"https:\/\/claudemaillot.com\/index.php\/wp-json\/wp\/v2\/product"}],"about":[{"href":"https:\/\/claudemaillot.com\/index.php\/wp-json\/wp\/v2\/types\/product"}],"replies":[{"embeddable":true,"href":"https:\/\/claudemaillot.com\/index.php\/wp-json\/wp\/v2\/comments?post=8028"}],"wp:featuredmedia":[{"embeddable":true,"href":"https:\/\/claudemaillot.com\/index.php\/wp-json\/wp\/v2\/media\/8036"}],"wp:attachment":[{"href":"https:\/\/claudemaillot.com\/index.php\/wp-json\/wp\/v2\/media?parent=8028"}],"wp:term":[{"taxonomy":"product_brand","embeddable":true,"href":"https:\/\/claudemaillot.com\/index.php\/wp-json\/wp\/v2\/product_brand?post=8028"},{"taxonomy":"product_cat","embeddable":true,"href":"https:\/\/claudemaillot.com\/index.php\/wp-json\/wp\/v2\/product_cat?post=8028"},{"taxonomy":"product_tag","embeddable":true,"href":"https:\/\/claudemaillot.com\/index.php\/wp-json\/wp\/v2\/product_tag?post=8028"}],"curies":[{"name":"wp","href":"https:\/\/api.w.org\/{rel}","templated":true}]}}