{"id":8021,"date":"2026-04-24T07:10:46","date_gmt":"2026-04-24T05:10:46","guid":{"rendered":"https:\/\/claudemaillot.com\/?post_type=product&#038;p=8021"},"modified":"2026-04-24T09:49:50","modified_gmt":"2026-04-24T07:49:50","slug":"illustration-architecture-maison-creole-reunion","status":"publish","type":"product","link":"https:\/\/claudemaillot.com\/index.php\/product\/illustration-architecture-maison-creole-reunion\/","title":{"rendered":"Maison cr\u00e9ole, La R\u00e9union"},"content":{"rendered":"<p>Ce dessin \u00e0 l&rsquo;encre de Chine et lavis offre un regard diff\u00e9rent sur la m\u00eame <strong>maison cr\u00e9ole r\u00e9unionnaise<\/strong> : \u00e9pur\u00e9e de toute v\u00e9g\u00e9tation, la fa\u00e7ade se r\u00e9v\u00e8le dans toute sa richesse architecturale.<\/p>\n<p>On y distingue avec pr\u00e9cision le <strong>lambrequin ajour\u00e9<\/strong> qui court sous l&rsquo;avant-toit, les pilastres encadrant la v\u00e9randa centrale, les grandes portes-fen\u00eatres \u00e0 petits-bois et la toiture \u00e0 double pan en t\u00f4le ondul\u00e9e.<\/p>\n<p>Le sol de la v\u00e9randa est orn\u00e9 d&rsquo;un <strong>carrelage damier noir et blanc<\/strong>, d\u00e9tail typique des maisons bourgeoises cr\u00e9oles de l&rsquo;\u00eele.<\/p>\n","protected":false},"excerpt":{"rendered":"<p>Dessin \u00e0 l&rsquo;<strong>encre de Chine<\/strong> repr\u00e9sentant la fa\u00e7ade d&rsquo;une <strong>maison cr\u00e9ole r\u00e9unionnaise<\/strong> dans toute sa puret\u00e9 architecturale, sans v\u00e9g\u00e9tation, pour mieux r\u00e9v\u00e9ler chaque d\u00e9tail de <strong>cette demeure aujourd&rsquo;hui disparue<\/strong>.<\/p>\n<h3>Options d\u2019impression (vendues sans cadre)<\/h3>\n<p><strong>Petit &amp; moyen format<\/strong>\u00a0(20\u00d730 \/ 30\u00d740 cm) \u2014 Papier coton 350g\/m\u00b2 | L<em>ivr\u00e9 \u00e0 plat<\/em><\/p>\n<p><strong>Grand format<\/strong>\u00a0(40\u00d750 \/ 50\u00d770 cm) \u2014 Toile Canvas 400g\/m\u00b2 |\u00a0<em>Livr\u00e9 en tube<\/em><\/p>\n<p><strong>L\u2019original<\/strong>\u00a0(29,7\u00d742 cm) \u2014 Papier bristol 250g\/m\u00b2 |\u00a0<em>Livr\u00e9 \u00e0 plat avec un certificat d\u2019authenticit\u00e9<\/em><\/p>\n<h3 data-path-to-node=\"19,0,0\">S\u00e9lectionnez votre format ci-dessous :<\/h3>\n","protected":false},"featured_media":8022,"comment_status":"open","ping_status":"closed","template":"","meta":{"content-type":""},"product_brand":[124],"product_cat":[163,237,236,238],"product_tag":[174,240,239,273,256,260],"class_list":{"0":"post-8021","1":"product","2":"type-product","3":"status-publish","4":"has-post-thumbnail","6":"product_brand-claude-maillot","7":"product_cat-cadeaux","8":"product_cat-inspiration-tropicale","9":"product_cat-reproduction-dart","10":"product_cat-serie-la-reunion","11":"product_tag-architecture-creole","12":"product_tag-encre-de-chine","13":"product_tag-la-reunion","14":"product_tag-maison-creole","15":"product_tag-noir-et-blanc","16":"product_tag-patrimoine-reunionnais","17":"latest_post","19":"first","20":"instock","21":"shipping-taxable","22":"purchasable","23":"product-type-variable"},"yoast_head":"<!-- This site is optimized with the Yoast SEO plugin v27.4 - https:\/\/yoast.com\/product\/yoast-seo-wordpress\/ -->\n<title>Illustration architecture maison cr\u00e9ole La R\u00e9union | Claude Maillot<\/title>\n<meta name=\"description\" content=\"Vue architecturale d&#039;une maison cr\u00e9ole de La R\u00e9union, dessin\u00e9e \u00e0 l&#039;encre. Fa\u00e7ade, v\u00e9randa, toiture en t\u00f4le : un patrimoine disparu immortalis\u00e9.\" \/>\n<meta name=\"robots\" content=\"index, follow, max-snippet:-1, max-image-preview:large, max-video-preview:-1\" \/>\n<link rel=\"canonical\" href=\"https:\/\/claudemaillot.com\/index.php\/product\/illustration-architecture-maison-creole-reunion\/\" \/>\n<meta property=\"og:locale\" content=\"fr_FR\" \/>\n<meta property=\"og:type\" content=\"article\" \/>\n<meta property=\"og:title\" content=\"Illustration architecture maison cr\u00e9ole La R\u00e9union | Claude Maillot\" \/>\n<meta property=\"og:description\" content=\"Vue architecturale d&#039;une maison cr\u00e9ole de La R\u00e9union, dessin\u00e9e \u00e0 l&#039;encre. Fa\u00e7ade, v\u00e9randa, toiture en t\u00f4le : un patrimoine disparu immortalis\u00e9.\" \/>\n<meta property=\"og:url\" content=\"https:\/\/claudemaillot.com\/index.php\/product\/illustration-architecture-maison-creole-reunion\/\" \/>\n<meta property=\"og:site_name\" content=\"Claude Maillot\" \/>\n<meta property=\"article:publisher\" content=\"https:\/\/www.facebook.com\/claude.maillot.58?locale=fr_FR\" \/>\n<meta property=\"article:modified_time\" content=\"2026-04-24T07:49:50+00:00\" \/>\n<meta property=\"og:image\" content=\"https:\/\/claudemaillot.com\/wp-content\/uploads\/2026\/04\/Maison-creole.jpg\" \/>\n\t<meta property=\"og:image:width\" content=\"1200\" \/>\n\t<meta property=\"og:image:height\" content=\"1200\" \/>\n\t<meta property=\"og:image:type\" content=\"image\/jpeg\" \/>\n<meta name=\"twitter:card\" content=\"summary_large_image\" \/>\n<meta name=\"twitter:label1\" content=\"Dur\u00e9e de lecture estim\u00e9e\" \/>\n\t<meta name=\"twitter:data1\" content=\"1 minute\" \/>\n<script type=\"application\/ld+json\" class=\"yoast-schema-graph\">{\"@context\":\"https:\\\/\\\/schema.org\",\"@graph\":[{\"@type\":\"WebPage\",\"@id\":\"https:\\\/\\\/claudemaillot.com\\\/index.php\\\/product\\\/illustration-architecture-maison-creole-reunion\\\/\",\"url\":\"https:\\\/\\\/claudemaillot.com\\\/index.php\\\/product\\\/illustration-architecture-maison-creole-reunion\\\/\",\"name\":\"Illustration architecture maison cr\u00e9ole La R\u00e9union | Claude Maillot\",\"isPartOf\":{\"@id\":\"https:\\\/\\\/claudemaillot.com\\\/#website\"},\"primaryImageOfPage\":{\"@id\":\"https:\\\/\\\/claudemaillot.com\\\/index.php\\\/product\\\/illustration-architecture-maison-creole-reunion\\\/#primaryimage\"},\"image\":{\"@id\":\"https:\\\/\\\/claudemaillot.com\\\/index.php\\\/product\\\/illustration-architecture-maison-creole-reunion\\\/#primaryimage\"},\"thumbnailUrl\":\"https:\\\/\\\/claudemaillot.com\\\/wp-content\\\/uploads\\\/2026\\\/04\\\/Maison-creole.jpg\",\"datePublished\":\"2026-04-24T05:10:46+00:00\",\"dateModified\":\"2026-04-24T07:49:50+00:00\",\"description\":\"Vue architecturale d'une maison cr\u00e9ole de La R\u00e9union, dessin\u00e9e \u00e0 l'encre. Fa\u00e7ade, v\u00e9randa, toiture en t\u00f4le : un patrimoine disparu immortalis\u00e9.\",\"breadcrumb\":{\"@id\":\"https:\\\/\\\/claudemaillot.com\\\/index.php\\\/product\\\/illustration-architecture-maison-creole-reunion\\\/#breadcrumb\"},\"inLanguage\":\"fr-FR\",\"potentialAction\":[{\"@type\":\"ReadAction\",\"target\":[\"https:\\\/\\\/claudemaillot.com\\\/index.php\\\/product\\\/illustration-architecture-maison-creole-reunion\\\/\"]}]},{\"@type\":\"ImageObject\",\"inLanguage\":\"fr-FR\",\"@id\":\"https:\\\/\\\/claudemaillot.com\\\/index.php\\\/product\\\/illustration-architecture-maison-creole-reunion\\\/#primaryimage\",\"url\":\"https:\\\/\\\/claudemaillot.com\\\/wp-content\\\/uploads\\\/2026\\\/04\\\/Maison-creole.jpg\",\"contentUrl\":\"https:\\\/\\\/claudemaillot.com\\\/wp-content\\\/uploads\\\/2026\\\/04\\\/Maison-creole.jpg\",\"width\":1200,\"height\":1200,\"caption\":\"Maison cr\u00e9ole\"},{\"@type\":\"BreadcrumbList\",\"@id\":\"https:\\\/\\\/claudemaillot.com\\\/index.php\\\/product\\\/illustration-architecture-maison-creole-reunion\\\/#breadcrumb\",\"itemListElement\":[{\"@type\":\"ListItem\",\"position\":1,\"name\":\"Accueil\",\"item\":\"https:\\\/\\\/claudemaillot.com\\\/\"},{\"@type\":\"ListItem\",\"position\":2,\"name\":\"Ma boutique\",\"item\":\"https:\\\/\\\/claudemaillot.com\\\/index.php\\\/ma-boutique-claude-maillot\\\/\"},{\"@type\":\"ListItem\",\"position\":3,\"name\":\"Maison cr\u00e9ole, La R\u00e9union\"}]},{\"@type\":\"WebSite\",\"@id\":\"https:\\\/\\\/claudemaillot.com\\\/#website\",\"url\":\"https:\\\/\\\/claudemaillot.com\\\/\",\"name\":\"Claude Maillot\",\"description\":\"Un trait tout simplement avec passion et patience\",\"publisher\":{\"@id\":\"https:\\\/\\\/claudemaillot.com\\\/#\\\/schema\\\/person\\\/4b127cb441d7503c9c8126de84eeece1\"},\"potentialAction\":[{\"@type\":\"SearchAction\",\"target\":{\"@type\":\"EntryPoint\",\"urlTemplate\":\"https:\\\/\\\/claudemaillot.com\\\/?s={search_term_string}\"},\"query-input\":{\"@type\":\"PropertyValueSpecification\",\"valueRequired\":true,\"valueName\":\"search_term_string\"}}],\"inLanguage\":\"fr-FR\"},{\"@type\":[\"Person\",\"Organization\"],\"@id\":\"https:\\\/\\\/claudemaillot.com\\\/#\\\/schema\\\/person\\\/4b127cb441d7503c9c8126de84eeece1\",\"name\":\"Claude Maillot\",\"image\":{\"@type\":\"ImageObject\",\"inLanguage\":\"fr-FR\",\"@id\":\"http:\\\/\\\/claudemaillot.com\\\/wp-content\\\/uploads\\\/2025\\\/06\\\/Logo-CM.png\",\"url\":\"http:\\\/\\\/claudemaillot.com\\\/wp-content\\\/uploads\\\/2025\\\/06\\\/Logo-CM.png\",\"contentUrl\":\"http:\\\/\\\/claudemaillot.com\\\/wp-content\\\/uploads\\\/2025\\\/06\\\/Logo-CM.png\",\"width\":500,\"height\":500,\"caption\":\"Claude Maillot\"},\"logo\":{\"@id\":\"http:\\\/\\\/claudemaillot.com\\\/wp-content\\\/uploads\\\/2025\\\/06\\\/Logo-CM.png\"},\"sameAs\":[\"https:\\\/\\\/claudemaillot.com\",\"https:\\\/\\\/www.facebook.com\\\/claude.maillot.58?locale=fr_FR\",\"https:\\\/\\\/www.instagram.com\\\/claude_maillot\\\/\",\"https:\\\/\\\/www.linkedin.com\\\/in\\\/claude-maillot\\\/\",\"https:\\\/\\\/fr.pinterest.com\\\/claudemaillot7\\\/\"]}]}<\/script>\n<!-- \/ Yoast SEO plugin. -->","yoast_head_json":{"title":"Illustration architecture maison cr\u00e9ole La R\u00e9union | Claude Maillot","description":"Vue architecturale d'une maison cr\u00e9ole de La R\u00e9union, dessin\u00e9e \u00e0 l'encre. Fa\u00e7ade, v\u00e9randa, toiture en t\u00f4le : un patrimoine disparu immortalis\u00e9.","robots":{"index":"index","follow":"follow","max-snippet":"max-snippet:-1","max-image-preview":"max-image-preview:large","max-video-preview":"max-video-preview:-1"},"canonical":"https:\/\/claudemaillot.com\/index.php\/product\/illustration-architecture-maison-creole-reunion\/","og_locale":"fr_FR","og_type":"article","og_title":"Illustration architecture maison cr\u00e9ole La R\u00e9union | Claude Maillot","og_description":"Vue architecturale d'une maison cr\u00e9ole de La R\u00e9union, dessin\u00e9e \u00e0 l'encre. Fa\u00e7ade, v\u00e9randa, toiture en t\u00f4le : un patrimoine disparu immortalis\u00e9.","og_url":"https:\/\/claudemaillot.com\/index.php\/product\/illustration-architecture-maison-creole-reunion\/","og_site_name":"Claude Maillot","article_publisher":"https:\/\/www.facebook.com\/claude.maillot.58?locale=fr_FR","article_modified_time":"2026-04-24T07:49:50+00:00","og_image":[{"width":1200,"height":1200,"url":"https:\/\/claudemaillot.com\/wp-content\/uploads\/2026\/04\/Maison-creole.jpg","type":"image\/jpeg"}],"twitter_card":"summary_large_image","twitter_misc":{"Dur\u00e9e de lecture estim\u00e9e":"1 minute"},"schema":{"@context":"https:\/\/schema.org","@graph":[{"@type":"WebPage","@id":"https:\/\/claudemaillot.com\/index.php\/product\/illustration-architecture-maison-creole-reunion\/","url":"https:\/\/claudemaillot.com\/index.php\/product\/illustration-architecture-maison-creole-reunion\/","name":"Illustration architecture maison cr\u00e9ole La R\u00e9union | Claude Maillot","isPartOf":{"@id":"https:\/\/claudemaillot.com\/#website"},"primaryImageOfPage":{"@id":"https:\/\/claudemaillot.com\/index.php\/product\/illustration-architecture-maison-creole-reunion\/#primaryimage"},"image":{"@id":"https:\/\/claudemaillot.com\/index.php\/product\/illustration-architecture-maison-creole-reunion\/#primaryimage"},"thumbnailUrl":"https:\/\/claudemaillot.com\/wp-content\/uploads\/2026\/04\/Maison-creole.jpg","datePublished":"2026-04-24T05:10:46+00:00","dateModified":"2026-04-24T07:49:50+00:00","description":"Vue architecturale d'une maison cr\u00e9ole de La R\u00e9union, dessin\u00e9e \u00e0 l'encre. Fa\u00e7ade, v\u00e9randa, toiture en t\u00f4le : un patrimoine disparu immortalis\u00e9.","breadcrumb":{"@id":"https:\/\/claudemaillot.com\/index.php\/product\/illustration-architecture-maison-creole-reunion\/#breadcrumb"},"inLanguage":"fr-FR","potentialAction":[{"@type":"ReadAction","target":["https:\/\/claudemaillot.com\/index.php\/product\/illustration-architecture-maison-creole-reunion\/"]}]},{"@type":"ImageObject","inLanguage":"fr-FR","@id":"https:\/\/claudemaillot.com\/index.php\/product\/illustration-architecture-maison-creole-reunion\/#primaryimage","url":"https:\/\/claudemaillot.com\/wp-content\/uploads\/2026\/04\/Maison-creole.jpg","contentUrl":"https:\/\/claudemaillot.com\/wp-content\/uploads\/2026\/04\/Maison-creole.jpg","width":1200,"height":1200,"caption":"Maison cr\u00e9ole"},{"@type":"BreadcrumbList","@id":"https:\/\/claudemaillot.com\/index.php\/product\/illustration-architecture-maison-creole-reunion\/#breadcrumb","itemListElement":[{"@type":"ListItem","position":1,"name":"Accueil","item":"https:\/\/claudemaillot.com\/"},{"@type":"ListItem","position":2,"name":"Ma boutique","item":"https:\/\/claudemaillot.com\/index.php\/ma-boutique-claude-maillot\/"},{"@type":"ListItem","position":3,"name":"Maison cr\u00e9ole, La R\u00e9union"}]},{"@type":"WebSite","@id":"https:\/\/claudemaillot.com\/#website","url":"https:\/\/claudemaillot.com\/","name":"Claude Maillot","description":"Un trait tout simplement avec passion et patience","publisher":{"@id":"https:\/\/claudemaillot.com\/#\/schema\/person\/4b127cb441d7503c9c8126de84eeece1"},"potentialAction":[{"@type":"SearchAction","target":{"@type":"EntryPoint","urlTemplate":"https:\/\/claudemaillot.com\/?s={search_term_string}"},"query-input":{"@type":"PropertyValueSpecification","valueRequired":true,"valueName":"search_term_string"}}],"inLanguage":"fr-FR"},{"@type":["Person","Organization"],"@id":"https:\/\/claudemaillot.com\/#\/schema\/person\/4b127cb441d7503c9c8126de84eeece1","name":"Claude Maillot","image":{"@type":"ImageObject","inLanguage":"fr-FR","@id":"http:\/\/claudemaillot.com\/wp-content\/uploads\/2025\/06\/Logo-CM.png","url":"http:\/\/claudemaillot.com\/wp-content\/uploads\/2025\/06\/Logo-CM.png","contentUrl":"http:\/\/claudemaillot.com\/wp-content\/uploads\/2025\/06\/Logo-CM.png","width":500,"height":500,"caption":"Claude Maillot"},"logo":{"@id":"http:\/\/claudemaillot.com\/wp-content\/uploads\/2025\/06\/Logo-CM.png"},"sameAs":["https:\/\/claudemaillot.com","https:\/\/www.facebook.com\/claude.maillot.58?locale=fr_FR","https:\/\/www.instagram.com\/claude_maillot\/","https:\/\/www.linkedin.com\/in\/claude-maillot\/","https:\/\/fr.pinterest.com\/claudemaillot7\/"]}]}},"_links":{"self":[{"href":"https:\/\/claudemaillot.com\/index.php\/wp-json\/wp\/v2\/product\/8021","targetHints":{"allow":["GET"]}}],"collection":[{"href":"https:\/\/claudemaillot.com\/index.php\/wp-json\/wp\/v2\/product"}],"about":[{"href":"https:\/\/claudemaillot.com\/index.php\/wp-json\/wp\/v2\/types\/product"}],"replies":[{"embeddable":true,"href":"https:\/\/claudemaillot.com\/index.php\/wp-json\/wp\/v2\/comments?post=8021"}],"wp:featuredmedia":[{"embeddable":true,"href":"https:\/\/claudemaillot.com\/index.php\/wp-json\/wp\/v2\/media\/8022"}],"wp:attachment":[{"href":"https:\/\/claudemaillot.com\/index.php\/wp-json\/wp\/v2\/media?parent=8021"}],"wp:term":[{"taxonomy":"product_brand","embeddable":true,"href":"https:\/\/claudemaillot.com\/index.php\/wp-json\/wp\/v2\/product_brand?post=8021"},{"taxonomy":"product_cat","embeddable":true,"href":"https:\/\/claudemaillot.com\/index.php\/wp-json\/wp\/v2\/product_cat?post=8021"},{"taxonomy":"product_tag","embeddable":true,"href":"https:\/\/claudemaillot.com\/index.php\/wp-json\/wp\/v2\/product_tag?post=8021"}],"curies":[{"name":"wp","href":"https:\/\/api.w.org\/{rel}","templated":true}]}}