{"id":7902,"date":"2026-04-05T08:02:05","date_gmt":"2026-04-05T06:02:05","guid":{"rendered":"https:\/\/claudemaillot.com\/?post_type=product&#038;p=7902"},"modified":"2026-04-05T16:25:25","modified_gmt":"2026-04-05T14:25:25","slug":"illustration-boutique-chinoise-reunion-creole","status":"publish","type":"product","link":"https:\/\/claudemaillot.com\/index.php\/product\/illustration-boutique-chinoise-reunion-creole\/","title":{"rendered":"Boutique Chinoise de La R\u00e9union \u2013 Illustration \u00e0 l&rsquo;encre"},"content":{"rendered":"<h2>La Boutique Chinoise : L&rsquo;\u00e2me m\u00e9tisse de La R\u00e9union<\/h2>\n<p>Elle se tient l\u00e0, in\u00e9branlable, au bout de la rue. La \u00ab\u00a0boutique chinoise\u00a0\u00bb avec ses volets de bois, son toit en t\u00f4le est bien plus qu&rsquo;une simple \u00e9picerie : c&rsquo;est <strong>le c\u0153ur battant du quartier<\/strong>. Mon intention \u00e9tait de rendre hommage \u00e0 cette figure incontournable de l&rsquo;<strong>architecture<\/strong> <strong>r\u00e9unionnaise<\/strong>.<\/p>\n<p>Mon dessin \u00e0 l&rsquo;encre de chine saisit ce contraste : la <strong>tradition de l&rsquo;\u00e9picerie<\/strong> face \u00e0 la l\u00e9g\u00e8ret\u00e9 et au charme v\u00e9g\u00e9tal qui l&rsquo;entoure. L\u2019endroit d\u00e9gage cette ambiance unique marqu\u00e9e par le parfum des \u00e9pices, le son des conversations et le sourire du propri\u00e9taire<\/p>\n<p>Pour moi, dessiner cette boutique c&rsquo;est comme <strong>revivre des souvenirs<\/strong> : des d\u00e9cennies de vie partag\u00e9e, de commerce, de rencontres m\u00e9tiss\u00e9es.<\/p>\n<p>Que vous ayez une <strong>nostalgique<\/strong> de ces endroits uniques ou que vous soyez fascin\u00e9 par<strong> la culture r\u00e9unionnaise<\/strong>, cette oeuvre ajoutera une touche d<strong>&lsquo;authenticit\u00e9<\/strong> et de <strong>chaleur cr\u00e9ole \u00e0 votre int\u00e9rieur.<\/strong><\/p>\n","protected":false},"excerpt":{"rendered":"<p>L&rsquo;<strong>\u00e2me de La R\u00e9union<\/strong> au gr\u00e9 de ma plume.<\/p>\n<p>Ce tableau repr\u00e9sente <strong>une boutique traditionnelle chinoise<\/strong> saisit la po\u00e9sie de l&rsquo;<strong>architecture cr\u00e9ole. <\/strong><\/p>\n<p>Un dessin d&rsquo;art authentique et soign\u00e9e pour une d\u00e9coration qui \u00e9voque l&rsquo;exotisme.<\/p>\n<h3>Options d\u2019impression (vendues sans cadre)<\/h3>\n<p><strong>Petit &amp; moyen format<\/strong>\u00a0(20\u00d730 \/ 30\u00d740 cm) \u2014 Papier coton 350g\/m\u00b2 | L<em>ivr\u00e9 \u00e0 plat<\/em><\/p>\n<p><strong>Grand format<\/strong>\u00a0(40\u00d750 \/ 50\u00d770 cm) \u2014 Toile Canvas 400g\/m\u00b2 |\u00a0<em>Livr\u00e9 en tube<\/em><\/p>\n<p><strong>L\u2019original<\/strong>\u00a0(29,7\u00d742 cm) \u2014 Papier bristol 250g\/m\u00b2 |\u00a0<em>Livr\u00e9 \u00e0 plat avec un certificat d\u2019authenticit\u00e9<\/em><\/p>\n<h3 data-path-to-node=\"19,0,0\">S\u00e9lectionnez votre format ci-dessous :<\/h3>\n","protected":false},"featured_media":7908,"comment_status":"open","ping_status":"closed","template":"","meta":{"content-type":""},"product_brand":[],"product_cat":[245,238],"product_tag":[174,258,257,240,256,259,260],"class_list":{"0":"post-7902","1":"product","2":"type-product","3":"status-publish","4":"has-post-thumbnail","6":"product_cat-boutique-reproduction-dart","7":"product_cat-serie-la-reunion","8":"product_tag-architecture-creole","9":"product_tag-boutique-chinoise","10":"product_tag-decoration-murale","11":"product_tag-encre-de-chine","12":"product_tag-noir-et-blanc","13":"product_tag-nostalgie","14":"product_tag-patrimoine-reunionnais","15":"latest_post","17":"first","18":"instock","19":"shipping-taxable","20":"purchasable","21":"product-type-variable"},"yoast_head":"<!-- This site is optimized with the Yoast SEO plugin v27.3 - https:\/\/yoast.com\/product\/yoast-seo-wordpress\/ -->\n<title>Boutique Chinoise de La R\u00e9union : Dessin \u00e0 l&#039;encre de Chine<\/title>\n<meta name=\"description\" content=\"D\u00e9couvrez l&#039;\u00e2me de La R\u00e9union avec cette illustration \u00e0 l&#039;encre de chine. Un dessin capturant l&#039;architecture typique d&#039;une boutique chinoise cr\u00e9ole.\" \/>\n<meta name=\"robots\" content=\"index, follow, max-snippet:-1, max-image-preview:large, max-video-preview:-1\" \/>\n<link rel=\"canonical\" href=\"https:\/\/claudemaillot.com\/index.php\/product\/illustration-boutique-chinoise-reunion-creole\/\" \/>\n<meta property=\"og:locale\" content=\"fr_FR\" \/>\n<meta property=\"og:type\" content=\"article\" \/>\n<meta property=\"og:title\" content=\"Boutique Chinoise de La R\u00e9union : Dessin \u00e0 l&#039;encre de Chine\" \/>\n<meta property=\"og:description\" content=\"D\u00e9couvrez l&#039;\u00e2me de La R\u00e9union avec cette illustration \u00e0 l&#039;encre de chine. Un dessin capturant l&#039;architecture typique d&#039;une boutique chinoise cr\u00e9ole.\" \/>\n<meta property=\"og:url\" content=\"https:\/\/claudemaillot.com\/index.php\/product\/illustration-boutique-chinoise-reunion-creole\/\" \/>\n<meta property=\"og:site_name\" content=\"Claude Maillot\" \/>\n<meta property=\"article:publisher\" content=\"https:\/\/www.facebook.com\/claude.maillot.58?locale=fr_FR\" \/>\n<meta property=\"article:modified_time\" content=\"2026-04-05T14:25:25+00:00\" \/>\n<meta property=\"og:image\" content=\"https:\/\/claudemaillot.com\/wp-content\/uploads\/2026\/04\/Boutique-creole-sur-le-chemin-.jpg\" \/>\n\t<meta property=\"og:image:width\" content=\"1200\" \/>\n\t<meta property=\"og:image:height\" content=\"1200\" \/>\n\t<meta property=\"og:image:type\" content=\"image\/jpeg\" \/>\n<meta name=\"twitter:card\" content=\"summary_large_image\" \/>\n<meta name=\"twitter:label1\" content=\"Dur\u00e9e de lecture estim\u00e9e\" \/>\n\t<meta name=\"twitter:data1\" content=\"1 minute\" \/>\n<script type=\"application\/ld+json\" class=\"yoast-schema-graph\">{\"@context\":\"https:\\\/\\\/schema.org\",\"@graph\":[{\"@type\":\"WebPage\",\"@id\":\"https:\\\/\\\/claudemaillot.com\\\/index.php\\\/product\\\/illustration-boutique-chinoise-reunion-creole\\\/\",\"url\":\"https:\\\/\\\/claudemaillot.com\\\/index.php\\\/product\\\/illustration-boutique-chinoise-reunion-creole\\\/\",\"name\":\"Boutique Chinoise de La R\u00e9union : Dessin \u00e0 l'encre de Chine\",\"isPartOf\":{\"@id\":\"https:\\\/\\\/claudemaillot.com\\\/#website\"},\"primaryImageOfPage\":{\"@id\":\"https:\\\/\\\/claudemaillot.com\\\/index.php\\\/product\\\/illustration-boutique-chinoise-reunion-creole\\\/#primaryimage\"},\"image\":{\"@id\":\"https:\\\/\\\/claudemaillot.com\\\/index.php\\\/product\\\/illustration-boutique-chinoise-reunion-creole\\\/#primaryimage\"},\"thumbnailUrl\":\"https:\\\/\\\/claudemaillot.com\\\/wp-content\\\/uploads\\\/2026\\\/04\\\/Boutique-creole-sur-le-chemin-.jpg\",\"datePublished\":\"2026-04-05T06:02:05+00:00\",\"dateModified\":\"2026-04-05T14:25:25+00:00\",\"description\":\"D\u00e9couvrez l'\u00e2me de La R\u00e9union avec cette illustration \u00e0 l'encre de chine. Un dessin capturant l'architecture typique d'une boutique chinoise cr\u00e9ole.\",\"breadcrumb\":{\"@id\":\"https:\\\/\\\/claudemaillot.com\\\/index.php\\\/product\\\/illustration-boutique-chinoise-reunion-creole\\\/#breadcrumb\"},\"inLanguage\":\"fr-FR\",\"potentialAction\":[{\"@type\":\"ReadAction\",\"target\":[\"https:\\\/\\\/claudemaillot.com\\\/index.php\\\/product\\\/illustration-boutique-chinoise-reunion-creole\\\/\"]}]},{\"@type\":\"ImageObject\",\"inLanguage\":\"fr-FR\",\"@id\":\"https:\\\/\\\/claudemaillot.com\\\/index.php\\\/product\\\/illustration-boutique-chinoise-reunion-creole\\\/#primaryimage\",\"url\":\"https:\\\/\\\/claudemaillot.com\\\/wp-content\\\/uploads\\\/2026\\\/04\\\/Boutique-creole-sur-le-chemin-.jpg\",\"contentUrl\":\"https:\\\/\\\/claudemaillot.com\\\/wp-content\\\/uploads\\\/2026\\\/04\\\/Boutique-creole-sur-le-chemin-.jpg\",\"width\":1200,\"height\":1200,\"caption\":\"Illustration \u00e0 l'encre de chine d'une boutique chinoise traditionnelle \u00e0 La R\u00e9union, avec ses volets de bois, son toit en t\u00f4le et ses palmiers, dessin d\u00e9taill\u00e9 par Claude Maillot.\"},{\"@type\":\"BreadcrumbList\",\"@id\":\"https:\\\/\\\/claudemaillot.com\\\/index.php\\\/product\\\/illustration-boutique-chinoise-reunion-creole\\\/#breadcrumb\",\"itemListElement\":[{\"@type\":\"ListItem\",\"position\":1,\"name\":\"Accueil\",\"item\":\"https:\\\/\\\/claudemaillot.com\\\/\"},{\"@type\":\"ListItem\",\"position\":2,\"name\":\"Ma boutique\",\"item\":\"https:\\\/\\\/claudemaillot.com\\\/index.php\\\/ma-boutique-claude-maillot\\\/\"},{\"@type\":\"ListItem\",\"position\":3,\"name\":\"Boutique Chinoise de La R\u00e9union \u2013 Illustration \u00e0 l&rsquo;encre\"}]},{\"@type\":\"WebSite\",\"@id\":\"https:\\\/\\\/claudemaillot.com\\\/#website\",\"url\":\"https:\\\/\\\/claudemaillot.com\\\/\",\"name\":\"Claude Maillot\",\"description\":\"Un trait tout simplement avec passion et patience\",\"publisher\":{\"@id\":\"https:\\\/\\\/claudemaillot.com\\\/#\\\/schema\\\/person\\\/4b127cb441d7503c9c8126de84eeece1\"},\"potentialAction\":[{\"@type\":\"SearchAction\",\"target\":{\"@type\":\"EntryPoint\",\"urlTemplate\":\"https:\\\/\\\/claudemaillot.com\\\/?s={search_term_string}\"},\"query-input\":{\"@type\":\"PropertyValueSpecification\",\"valueRequired\":true,\"valueName\":\"search_term_string\"}}],\"inLanguage\":\"fr-FR\"},{\"@type\":[\"Person\",\"Organization\"],\"@id\":\"https:\\\/\\\/claudemaillot.com\\\/#\\\/schema\\\/person\\\/4b127cb441d7503c9c8126de84eeece1\",\"name\":\"Claude Maillot\",\"image\":{\"@type\":\"ImageObject\",\"inLanguage\":\"fr-FR\",\"@id\":\"http:\\\/\\\/claudemaillot.com\\\/wp-content\\\/uploads\\\/2025\\\/06\\\/Logo-CM.png\",\"url\":\"http:\\\/\\\/claudemaillot.com\\\/wp-content\\\/uploads\\\/2025\\\/06\\\/Logo-CM.png\",\"contentUrl\":\"http:\\\/\\\/claudemaillot.com\\\/wp-content\\\/uploads\\\/2025\\\/06\\\/Logo-CM.png\",\"width\":500,\"height\":500,\"caption\":\"Claude Maillot\"},\"logo\":{\"@id\":\"http:\\\/\\\/claudemaillot.com\\\/wp-content\\\/uploads\\\/2025\\\/06\\\/Logo-CM.png\"},\"sameAs\":[\"https:\\\/\\\/claudemaillot.com\",\"https:\\\/\\\/www.facebook.com\\\/claude.maillot.58?locale=fr_FR\",\"https:\\\/\\\/www.instagram.com\\\/claude_maillot\\\/\",\"https:\\\/\\\/www.linkedin.com\\\/in\\\/claude-maillot\\\/\",\"https:\\\/\\\/fr.pinterest.com\\\/claudemaillot7\\\/\"]}]}<\/script>\n<!-- \/ Yoast SEO plugin. -->","yoast_head_json":{"title":"Boutique Chinoise de La R\u00e9union : Dessin \u00e0 l'encre de Chine","description":"D\u00e9couvrez l'\u00e2me de La R\u00e9union avec cette illustration \u00e0 l'encre de chine. Un dessin capturant l'architecture typique d'une boutique chinoise cr\u00e9ole.","robots":{"index":"index","follow":"follow","max-snippet":"max-snippet:-1","max-image-preview":"max-image-preview:large","max-video-preview":"max-video-preview:-1"},"canonical":"https:\/\/claudemaillot.com\/index.php\/product\/illustration-boutique-chinoise-reunion-creole\/","og_locale":"fr_FR","og_type":"article","og_title":"Boutique Chinoise de La R\u00e9union : Dessin \u00e0 l'encre de Chine","og_description":"D\u00e9couvrez l'\u00e2me de La R\u00e9union avec cette illustration \u00e0 l'encre de chine. Un dessin capturant l'architecture typique d'une boutique chinoise cr\u00e9ole.","og_url":"https:\/\/claudemaillot.com\/index.php\/product\/illustration-boutique-chinoise-reunion-creole\/","og_site_name":"Claude Maillot","article_publisher":"https:\/\/www.facebook.com\/claude.maillot.58?locale=fr_FR","article_modified_time":"2026-04-05T14:25:25+00:00","og_image":[{"width":1200,"height":1200,"url":"https:\/\/claudemaillot.com\/wp-content\/uploads\/2026\/04\/Boutique-creole-sur-le-chemin-.jpg","type":"image\/jpeg"}],"twitter_card":"summary_large_image","twitter_misc":{"Dur\u00e9e de lecture estim\u00e9e":"1 minute"},"schema":{"@context":"https:\/\/schema.org","@graph":[{"@type":"WebPage","@id":"https:\/\/claudemaillot.com\/index.php\/product\/illustration-boutique-chinoise-reunion-creole\/","url":"https:\/\/claudemaillot.com\/index.php\/product\/illustration-boutique-chinoise-reunion-creole\/","name":"Boutique Chinoise de La R\u00e9union : Dessin \u00e0 l'encre de Chine","isPartOf":{"@id":"https:\/\/claudemaillot.com\/#website"},"primaryImageOfPage":{"@id":"https:\/\/claudemaillot.com\/index.php\/product\/illustration-boutique-chinoise-reunion-creole\/#primaryimage"},"image":{"@id":"https:\/\/claudemaillot.com\/index.php\/product\/illustration-boutique-chinoise-reunion-creole\/#primaryimage"},"thumbnailUrl":"https:\/\/claudemaillot.com\/wp-content\/uploads\/2026\/04\/Boutique-creole-sur-le-chemin-.jpg","datePublished":"2026-04-05T06:02:05+00:00","dateModified":"2026-04-05T14:25:25+00:00","description":"D\u00e9couvrez l'\u00e2me de La R\u00e9union avec cette illustration \u00e0 l'encre de chine. Un dessin capturant l'architecture typique d'une boutique chinoise cr\u00e9ole.","breadcrumb":{"@id":"https:\/\/claudemaillot.com\/index.php\/product\/illustration-boutique-chinoise-reunion-creole\/#breadcrumb"},"inLanguage":"fr-FR","potentialAction":[{"@type":"ReadAction","target":["https:\/\/claudemaillot.com\/index.php\/product\/illustration-boutique-chinoise-reunion-creole\/"]}]},{"@type":"ImageObject","inLanguage":"fr-FR","@id":"https:\/\/claudemaillot.com\/index.php\/product\/illustration-boutique-chinoise-reunion-creole\/#primaryimage","url":"https:\/\/claudemaillot.com\/wp-content\/uploads\/2026\/04\/Boutique-creole-sur-le-chemin-.jpg","contentUrl":"https:\/\/claudemaillot.com\/wp-content\/uploads\/2026\/04\/Boutique-creole-sur-le-chemin-.jpg","width":1200,"height":1200,"caption":"Illustration \u00e0 l'encre de chine d'une boutique chinoise traditionnelle \u00e0 La R\u00e9union, avec ses volets de bois, son toit en t\u00f4le et ses palmiers, dessin d\u00e9taill\u00e9 par Claude Maillot."},{"@type":"BreadcrumbList","@id":"https:\/\/claudemaillot.com\/index.php\/product\/illustration-boutique-chinoise-reunion-creole\/#breadcrumb","itemListElement":[{"@type":"ListItem","position":1,"name":"Accueil","item":"https:\/\/claudemaillot.com\/"},{"@type":"ListItem","position":2,"name":"Ma boutique","item":"https:\/\/claudemaillot.com\/index.php\/ma-boutique-claude-maillot\/"},{"@type":"ListItem","position":3,"name":"Boutique Chinoise de La R\u00e9union \u2013 Illustration \u00e0 l&rsquo;encre"}]},{"@type":"WebSite","@id":"https:\/\/claudemaillot.com\/#website","url":"https:\/\/claudemaillot.com\/","name":"Claude Maillot","description":"Un trait tout simplement avec passion et patience","publisher":{"@id":"https:\/\/claudemaillot.com\/#\/schema\/person\/4b127cb441d7503c9c8126de84eeece1"},"potentialAction":[{"@type":"SearchAction","target":{"@type":"EntryPoint","urlTemplate":"https:\/\/claudemaillot.com\/?s={search_term_string}"},"query-input":{"@type":"PropertyValueSpecification","valueRequired":true,"valueName":"search_term_string"}}],"inLanguage":"fr-FR"},{"@type":["Person","Organization"],"@id":"https:\/\/claudemaillot.com\/#\/schema\/person\/4b127cb441d7503c9c8126de84eeece1","name":"Claude Maillot","image":{"@type":"ImageObject","inLanguage":"fr-FR","@id":"http:\/\/claudemaillot.com\/wp-content\/uploads\/2025\/06\/Logo-CM.png","url":"http:\/\/claudemaillot.com\/wp-content\/uploads\/2025\/06\/Logo-CM.png","contentUrl":"http:\/\/claudemaillot.com\/wp-content\/uploads\/2025\/06\/Logo-CM.png","width":500,"height":500,"caption":"Claude Maillot"},"logo":{"@id":"http:\/\/claudemaillot.com\/wp-content\/uploads\/2025\/06\/Logo-CM.png"},"sameAs":["https:\/\/claudemaillot.com","https:\/\/www.facebook.com\/claude.maillot.58?locale=fr_FR","https:\/\/www.instagram.com\/claude_maillot\/","https:\/\/www.linkedin.com\/in\/claude-maillot\/","https:\/\/fr.pinterest.com\/claudemaillot7\/"]}]}},"_links":{"self":[{"href":"https:\/\/claudemaillot.com\/index.php\/wp-json\/wp\/v2\/product\/7902","targetHints":{"allow":["GET"]}}],"collection":[{"href":"https:\/\/claudemaillot.com\/index.php\/wp-json\/wp\/v2\/product"}],"about":[{"href":"https:\/\/claudemaillot.com\/index.php\/wp-json\/wp\/v2\/types\/product"}],"replies":[{"embeddable":true,"href":"https:\/\/claudemaillot.com\/index.php\/wp-json\/wp\/v2\/comments?post=7902"}],"wp:featuredmedia":[{"embeddable":true,"href":"https:\/\/claudemaillot.com\/index.php\/wp-json\/wp\/v2\/media\/7908"}],"wp:attachment":[{"href":"https:\/\/claudemaillot.com\/index.php\/wp-json\/wp\/v2\/media?parent=7902"}],"wp:term":[{"taxonomy":"product_brand","embeddable":true,"href":"https:\/\/claudemaillot.com\/index.php\/wp-json\/wp\/v2\/product_brand?post=7902"},{"taxonomy":"product_cat","embeddable":true,"href":"https:\/\/claudemaillot.com\/index.php\/wp-json\/wp\/v2\/product_cat?post=7902"},{"taxonomy":"product_tag","embeddable":true,"href":"https:\/\/claudemaillot.com\/index.php\/wp-json\/wp\/v2\/product_tag?post=7902"}],"curies":[{"name":"wp","href":"https:\/\/api.w.org\/{rel}","templated":true}]}}