{"id":7890,"date":"2026-04-04T18:03:55","date_gmt":"2026-04-04T16:03:55","guid":{"rendered":"https:\/\/claudemaillot.com\/?post_type=product&#038;p=7890"},"modified":"2026-04-04T19:20:42","modified_gmt":"2026-04-04T17:20:42","slug":"illustration-elephant-savane-encre-pointillisme","status":"publish","type":"product","link":"https:\/\/claudemaillot.com\/index.php\/product\/illustration-elephant-savane-encre-pointillisme\/","title":{"rendered":"Le Colosse de la Savane \u2013 Pointillisme \u00e0 l&rsquo;encre"},"content":{"rendered":"<h2><strong>Le Colosse de la Savane : L&rsquo;\u00c9l\u00e9phant en Pointillisme<\/strong><\/h2>\n<p>Certains regards imposent le silence et suscitent le respect.<\/p>\n<p>Cette illustration d&rsquo;un \u00e9l\u00e9phant de savane, <strong>vu de face<\/strong>, en est l&rsquo;incarnation. Dans ce travail, mon intention \u00e9tait de saisir non seulement sa taille imposante et les puissantes d\u00e9fenses de ce g\u00e9ant, mais \u00e9galement une sorte de dignit\u00e9 tranquille.<\/p>\n<p>Tout le secret de ce dessin se trouve dans<strong> le contraste<\/strong> : l&rsquo;\u00e9nergie sauvage de l&rsquo;animal est illustr\u00e9e par <strong>une multitude de points d&rsquo;encre minuscules<\/strong>.<\/p>\n<p>Chaque imperfection de sa peau, chaque ride, chaque courbe est le r\u00e9sultat de <strong>milliers de points pr\u00e9cis<\/strong> que ma plume a d\u00e9pos\u00e9 sur le papier. Il s&rsquo;agit du <strong>pointillisme<\/strong> pouss\u00e9 \u00e0 l&rsquo;extr\u00eame, o\u00f9 la patience de l&rsquo;artiste rencontre la majest\u00e9 de la nature.<\/p>\n<p>Cette cr\u00e9ation en<strong> noir et blan<\/strong>c r\u00e9alis\u00e9e \u00e0 <strong>l&rsquo;encre de chine<\/strong>, incite \u00e0 la contemplation.<\/p>\n<p>Elle apportera une note d&rsquo;\u00e9l\u00e9gance et une personnalit\u00e9 unique \u00e0 tout espace int\u00e9rieur, que ce soit un bureau discret ou un salon moderne et minimaliste.<\/p>\n","protected":false},"excerpt":{"rendered":"<p><span id=\"input-sentence~0\">La force d&rsquo;un colosse, la minutie d&rsquo;une dessinatrice. <\/span><\/p>\n<p><span id=\"input-sentence~1\">Ce <strong>dessin pointilliste<\/strong> d&rsquo;un \u00e9l\u00e9phant de la savane est un travail m\u00e9ticuleux r\u00e9alis\u00e9 \u00e0 l&rsquo;aide de <strong>l&rsquo;encre de Chine<\/strong>. <\/span><\/p>\n<p><span id=\"input-sentence~2\">Un dessin d&rsquo;art pr\u00e9cis et m\u00e9ticuleux, de face, pour une d\u00e9coration au caract\u00e8re in\u00e9galable.<\/span><\/p>\n<p style=\"text-align: center;\"><strong>Options d&rsquo;impression (vendues sans cadre)\u00a0<\/strong><\/p>\n<p><strong>Petit &amp; moyen format<\/strong> (20\u00d730 \/ 30\u00d740 cm) \u2014 Papier coton 350g\/m\u00b2 | L<em>ivr\u00e9 \u00e0 plat<\/em><\/p>\n<p><strong>Grand format<\/strong> (40\u00d750 \/ 50\u00d770 cm) \u2014 Toile Canvas 400g\/m\u00b2 | <em>Livr\u00e9 en tube<\/em><\/p>\n<p><strong>L\u2019original<\/strong> (29,7\u00d742 cm) \u2014 Papier bristol 250g\/m\u00b2 | <em>Livr\u00e9 \u00e0 plat avec un certificat d\u2019authenticit\u00e9<\/em><\/p>\n<h3 data-path-to-node=\"19,0,0\">S\u00e9lectionnez votre format ci-dessous :<\/h3>\n","protected":false},"featured_media":7891,"comment_status":"open","ping_status":"closed","template":"","meta":{"content-type":""},"product_brand":[124],"product_cat":[162,245],"product_tag":[255,257,254,240,256,253,252],"class_list":{"0":"post-7890","1":"product","2":"type-product","3":"status-publish","4":"has-post-thumbnail","6":"product_brand-claude-maillot","7":"product_cat-animaux","8":"product_cat-boutique-reproduction-dart","9":"product_tag-cadeau-de-prestige","10":"product_tag-decoration-murale","11":"product_tag-dessin-animalier","12":"product_tag-encre-de-chine","13":"product_tag-noir-et-blanc","14":"product_tag-pointillisme","15":"product_tag-savane","16":"latest_post","18":"first","19":"instock","20":"shipping-taxable","21":"purchasable","22":"product-type-variable"},"yoast_head":"<!-- This site is optimized with the Yoast SEO plugin v27.3 - https:\/\/yoast.com\/product\/yoast-seo-wordpress\/ -->\n<title>\u00c9l\u00e9phant de Savane : Dessin encre de chine pointillisme<\/title>\n<meta name=\"description\" content=\"D\u00e9couvrez la majest\u00e9 de l&#039;\u00e9l\u00e9phant captur\u00e9e par l&#039;encre de chine. Un dessin de prestige, de face, r\u00e9alis\u00e9 en pointillisme pour un rendu unique et d\u00e9taill\u00e9.\" \/>\n<meta name=\"robots\" content=\"index, follow, max-snippet:-1, max-image-preview:large, max-video-preview:-1\" \/>\n<link rel=\"canonical\" href=\"https:\/\/claudemaillot.com\/index.php\/product\/illustration-elephant-savane-encre-pointillisme\/\" \/>\n<meta property=\"og:locale\" content=\"fr_FR\" \/>\n<meta property=\"og:type\" content=\"article\" \/>\n<meta property=\"og:title\" content=\"\u00c9l\u00e9phant de Savane : Dessin encre de chine pointillisme\" \/>\n<meta property=\"og:description\" content=\"D\u00e9couvrez la majest\u00e9 de l&#039;\u00e9l\u00e9phant captur\u00e9e par l&#039;encre de chine. Un dessin de prestige, de face, r\u00e9alis\u00e9 en pointillisme pour un rendu unique et d\u00e9taill\u00e9.\" \/>\n<meta property=\"og:url\" content=\"https:\/\/claudemaillot.com\/index.php\/product\/illustration-elephant-savane-encre-pointillisme\/\" \/>\n<meta property=\"og:site_name\" content=\"Claude Maillot\" \/>\n<meta property=\"article:publisher\" content=\"https:\/\/www.facebook.com\/claude.maillot.58?locale=fr_FR\" \/>\n<meta property=\"article:modified_time\" content=\"2026-04-04T17:20:42+00:00\" \/>\n<meta property=\"og:image\" content=\"https:\/\/claudemaillot.com\/wp-content\/uploads\/2026\/04\/Elephant.jpg\" \/>\n\t<meta property=\"og:image:width\" content=\"1200\" \/>\n\t<meta property=\"og:image:height\" content=\"1200\" \/>\n\t<meta property=\"og:image:type\" content=\"image\/jpeg\" \/>\n<meta name=\"twitter:card\" content=\"summary_large_image\" \/>\n<meta name=\"twitter:label1\" content=\"Dur\u00e9e de lecture estim\u00e9e\" \/>\n\t<meta name=\"twitter:data1\" content=\"2 minutes\" \/>\n<script type=\"application\/ld+json\" class=\"yoast-schema-graph\">{\"@context\":\"https:\\\/\\\/schema.org\",\"@graph\":[{\"@type\":\"WebPage\",\"@id\":\"https:\\\/\\\/claudemaillot.com\\\/index.php\\\/product\\\/illustration-elephant-savane-encre-pointillisme\\\/\",\"url\":\"https:\\\/\\\/claudemaillot.com\\\/index.php\\\/product\\\/illustration-elephant-savane-encre-pointillisme\\\/\",\"name\":\"\u00c9l\u00e9phant de Savane : Dessin encre de chine pointillisme\",\"isPartOf\":{\"@id\":\"https:\\\/\\\/claudemaillot.com\\\/#website\"},\"primaryImageOfPage\":{\"@id\":\"https:\\\/\\\/claudemaillot.com\\\/index.php\\\/product\\\/illustration-elephant-savane-encre-pointillisme\\\/#primaryimage\"},\"image\":{\"@id\":\"https:\\\/\\\/claudemaillot.com\\\/index.php\\\/product\\\/illustration-elephant-savane-encre-pointillisme\\\/#primaryimage\"},\"thumbnailUrl\":\"https:\\\/\\\/claudemaillot.com\\\/wp-content\\\/uploads\\\/2026\\\/04\\\/Elephant.jpg\",\"datePublished\":\"2026-04-04T16:03:55+00:00\",\"dateModified\":\"2026-04-04T17:20:42+00:00\",\"description\":\"D\u00e9couvrez la majest\u00e9 de l'\u00e9l\u00e9phant captur\u00e9e par l'encre de chine. Un dessin de prestige, de face, r\u00e9alis\u00e9 en pointillisme pour un rendu unique et d\u00e9taill\u00e9.\",\"breadcrumb\":{\"@id\":\"https:\\\/\\\/claudemaillot.com\\\/index.php\\\/product\\\/illustration-elephant-savane-encre-pointillisme\\\/#breadcrumb\"},\"inLanguage\":\"fr-FR\",\"potentialAction\":[{\"@type\":\"ReadAction\",\"target\":[\"https:\\\/\\\/claudemaillot.com\\\/index.php\\\/product\\\/illustration-elephant-savane-encre-pointillisme\\\/\"]}]},{\"@type\":\"ImageObject\",\"inLanguage\":\"fr-FR\",\"@id\":\"https:\\\/\\\/claudemaillot.com\\\/index.php\\\/product\\\/illustration-elephant-savane-encre-pointillisme\\\/#primaryimage\",\"url\":\"https:\\\/\\\/claudemaillot.com\\\/wp-content\\\/uploads\\\/2026\\\/04\\\/Elephant.jpg\",\"contentUrl\":\"https:\\\/\\\/claudemaillot.com\\\/wp-content\\\/uploads\\\/2026\\\/04\\\/Elephant.jpg\",\"width\":1200,\"height\":1200,\"caption\":\"Illustration \u00e0 l'encre de chine d'un \u00e9l\u00e9phant de savane de face, avec de grandes d\u00e9fenses, r\u00e9alis\u00e9 en pointillisme d\u00e9taill\u00e9 par Claude Maillot.\"},{\"@type\":\"BreadcrumbList\",\"@id\":\"https:\\\/\\\/claudemaillot.com\\\/index.php\\\/product\\\/illustration-elephant-savane-encre-pointillisme\\\/#breadcrumb\",\"itemListElement\":[{\"@type\":\"ListItem\",\"position\":1,\"name\":\"Accueil\",\"item\":\"https:\\\/\\\/claudemaillot.com\\\/\"},{\"@type\":\"ListItem\",\"position\":2,\"name\":\"Ma boutique\",\"item\":\"https:\\\/\\\/claudemaillot.com\\\/index.php\\\/ma-boutique-claude-maillot\\\/\"},{\"@type\":\"ListItem\",\"position\":3,\"name\":\"Le Colosse de la Savane \u2013 Pointillisme \u00e0 l&rsquo;encre\"}]},{\"@type\":\"WebSite\",\"@id\":\"https:\\\/\\\/claudemaillot.com\\\/#website\",\"url\":\"https:\\\/\\\/claudemaillot.com\\\/\",\"name\":\"Claude Maillot\",\"description\":\"Un trait tout simplement avec passion et patience\",\"publisher\":{\"@id\":\"https:\\\/\\\/claudemaillot.com\\\/#\\\/schema\\\/person\\\/4b127cb441d7503c9c8126de84eeece1\"},\"potentialAction\":[{\"@type\":\"SearchAction\",\"target\":{\"@type\":\"EntryPoint\",\"urlTemplate\":\"https:\\\/\\\/claudemaillot.com\\\/?s={search_term_string}\"},\"query-input\":{\"@type\":\"PropertyValueSpecification\",\"valueRequired\":true,\"valueName\":\"search_term_string\"}}],\"inLanguage\":\"fr-FR\"},{\"@type\":[\"Person\",\"Organization\"],\"@id\":\"https:\\\/\\\/claudemaillot.com\\\/#\\\/schema\\\/person\\\/4b127cb441d7503c9c8126de84eeece1\",\"name\":\"Claude Maillot\",\"image\":{\"@type\":\"ImageObject\",\"inLanguage\":\"fr-FR\",\"@id\":\"http:\\\/\\\/claudemaillot.com\\\/wp-content\\\/uploads\\\/2025\\\/06\\\/Logo-CM.png\",\"url\":\"http:\\\/\\\/claudemaillot.com\\\/wp-content\\\/uploads\\\/2025\\\/06\\\/Logo-CM.png\",\"contentUrl\":\"http:\\\/\\\/claudemaillot.com\\\/wp-content\\\/uploads\\\/2025\\\/06\\\/Logo-CM.png\",\"width\":500,\"height\":500,\"caption\":\"Claude Maillot\"},\"logo\":{\"@id\":\"http:\\\/\\\/claudemaillot.com\\\/wp-content\\\/uploads\\\/2025\\\/06\\\/Logo-CM.png\"},\"sameAs\":[\"https:\\\/\\\/claudemaillot.com\",\"https:\\\/\\\/www.facebook.com\\\/claude.maillot.58?locale=fr_FR\",\"https:\\\/\\\/www.instagram.com\\\/claude_maillot\\\/\",\"https:\\\/\\\/www.linkedin.com\\\/in\\\/claude-maillot\\\/\",\"https:\\\/\\\/fr.pinterest.com\\\/claudemaillot7\\\/\"]}]}<\/script>\n<!-- \/ Yoast SEO plugin. -->","yoast_head_json":{"title":"\u00c9l\u00e9phant de Savane : Dessin encre de chine pointillisme","description":"D\u00e9couvrez la majest\u00e9 de l'\u00e9l\u00e9phant captur\u00e9e par l'encre de chine. Un dessin de prestige, de face, r\u00e9alis\u00e9 en pointillisme pour un rendu unique et d\u00e9taill\u00e9.","robots":{"index":"index","follow":"follow","max-snippet":"max-snippet:-1","max-image-preview":"max-image-preview:large","max-video-preview":"max-video-preview:-1"},"canonical":"https:\/\/claudemaillot.com\/index.php\/product\/illustration-elephant-savane-encre-pointillisme\/","og_locale":"fr_FR","og_type":"article","og_title":"\u00c9l\u00e9phant de Savane : Dessin encre de chine pointillisme","og_description":"D\u00e9couvrez la majest\u00e9 de l'\u00e9l\u00e9phant captur\u00e9e par l'encre de chine. Un dessin de prestige, de face, r\u00e9alis\u00e9 en pointillisme pour un rendu unique et d\u00e9taill\u00e9.","og_url":"https:\/\/claudemaillot.com\/index.php\/product\/illustration-elephant-savane-encre-pointillisme\/","og_site_name":"Claude Maillot","article_publisher":"https:\/\/www.facebook.com\/claude.maillot.58?locale=fr_FR","article_modified_time":"2026-04-04T17:20:42+00:00","og_image":[{"width":1200,"height":1200,"url":"https:\/\/claudemaillot.com\/wp-content\/uploads\/2026\/04\/Elephant.jpg","type":"image\/jpeg"}],"twitter_card":"summary_large_image","twitter_misc":{"Dur\u00e9e de lecture estim\u00e9e":"2 minutes"},"schema":{"@context":"https:\/\/schema.org","@graph":[{"@type":"WebPage","@id":"https:\/\/claudemaillot.com\/index.php\/product\/illustration-elephant-savane-encre-pointillisme\/","url":"https:\/\/claudemaillot.com\/index.php\/product\/illustration-elephant-savane-encre-pointillisme\/","name":"\u00c9l\u00e9phant de Savane : Dessin encre de chine pointillisme","isPartOf":{"@id":"https:\/\/claudemaillot.com\/#website"},"primaryImageOfPage":{"@id":"https:\/\/claudemaillot.com\/index.php\/product\/illustration-elephant-savane-encre-pointillisme\/#primaryimage"},"image":{"@id":"https:\/\/claudemaillot.com\/index.php\/product\/illustration-elephant-savane-encre-pointillisme\/#primaryimage"},"thumbnailUrl":"https:\/\/claudemaillot.com\/wp-content\/uploads\/2026\/04\/Elephant.jpg","datePublished":"2026-04-04T16:03:55+00:00","dateModified":"2026-04-04T17:20:42+00:00","description":"D\u00e9couvrez la majest\u00e9 de l'\u00e9l\u00e9phant captur\u00e9e par l'encre de chine. Un dessin de prestige, de face, r\u00e9alis\u00e9 en pointillisme pour un rendu unique et d\u00e9taill\u00e9.","breadcrumb":{"@id":"https:\/\/claudemaillot.com\/index.php\/product\/illustration-elephant-savane-encre-pointillisme\/#breadcrumb"},"inLanguage":"fr-FR","potentialAction":[{"@type":"ReadAction","target":["https:\/\/claudemaillot.com\/index.php\/product\/illustration-elephant-savane-encre-pointillisme\/"]}]},{"@type":"ImageObject","inLanguage":"fr-FR","@id":"https:\/\/claudemaillot.com\/index.php\/product\/illustration-elephant-savane-encre-pointillisme\/#primaryimage","url":"https:\/\/claudemaillot.com\/wp-content\/uploads\/2026\/04\/Elephant.jpg","contentUrl":"https:\/\/claudemaillot.com\/wp-content\/uploads\/2026\/04\/Elephant.jpg","width":1200,"height":1200,"caption":"Illustration \u00e0 l'encre de chine d'un \u00e9l\u00e9phant de savane de face, avec de grandes d\u00e9fenses, r\u00e9alis\u00e9 en pointillisme d\u00e9taill\u00e9 par Claude Maillot."},{"@type":"BreadcrumbList","@id":"https:\/\/claudemaillot.com\/index.php\/product\/illustration-elephant-savane-encre-pointillisme\/#breadcrumb","itemListElement":[{"@type":"ListItem","position":1,"name":"Accueil","item":"https:\/\/claudemaillot.com\/"},{"@type":"ListItem","position":2,"name":"Ma boutique","item":"https:\/\/claudemaillot.com\/index.php\/ma-boutique-claude-maillot\/"},{"@type":"ListItem","position":3,"name":"Le Colosse de la Savane \u2013 Pointillisme \u00e0 l&rsquo;encre"}]},{"@type":"WebSite","@id":"https:\/\/claudemaillot.com\/#website","url":"https:\/\/claudemaillot.com\/","name":"Claude Maillot","description":"Un trait tout simplement avec passion et patience","publisher":{"@id":"https:\/\/claudemaillot.com\/#\/schema\/person\/4b127cb441d7503c9c8126de84eeece1"},"potentialAction":[{"@type":"SearchAction","target":{"@type":"EntryPoint","urlTemplate":"https:\/\/claudemaillot.com\/?s={search_term_string}"},"query-input":{"@type":"PropertyValueSpecification","valueRequired":true,"valueName":"search_term_string"}}],"inLanguage":"fr-FR"},{"@type":["Person","Organization"],"@id":"https:\/\/claudemaillot.com\/#\/schema\/person\/4b127cb441d7503c9c8126de84eeece1","name":"Claude Maillot","image":{"@type":"ImageObject","inLanguage":"fr-FR","@id":"http:\/\/claudemaillot.com\/wp-content\/uploads\/2025\/06\/Logo-CM.png","url":"http:\/\/claudemaillot.com\/wp-content\/uploads\/2025\/06\/Logo-CM.png","contentUrl":"http:\/\/claudemaillot.com\/wp-content\/uploads\/2025\/06\/Logo-CM.png","width":500,"height":500,"caption":"Claude Maillot"},"logo":{"@id":"http:\/\/claudemaillot.com\/wp-content\/uploads\/2025\/06\/Logo-CM.png"},"sameAs":["https:\/\/claudemaillot.com","https:\/\/www.facebook.com\/claude.maillot.58?locale=fr_FR","https:\/\/www.instagram.com\/claude_maillot\/","https:\/\/www.linkedin.com\/in\/claude-maillot\/","https:\/\/fr.pinterest.com\/claudemaillot7\/"]}]}},"_links":{"self":[{"href":"https:\/\/claudemaillot.com\/index.php\/wp-json\/wp\/v2\/product\/7890","targetHints":{"allow":["GET"]}}],"collection":[{"href":"https:\/\/claudemaillot.com\/index.php\/wp-json\/wp\/v2\/product"}],"about":[{"href":"https:\/\/claudemaillot.com\/index.php\/wp-json\/wp\/v2\/types\/product"}],"replies":[{"embeddable":true,"href":"https:\/\/claudemaillot.com\/index.php\/wp-json\/wp\/v2\/comments?post=7890"}],"wp:featuredmedia":[{"embeddable":true,"href":"https:\/\/claudemaillot.com\/index.php\/wp-json\/wp\/v2\/media\/7891"}],"wp:attachment":[{"href":"https:\/\/claudemaillot.com\/index.php\/wp-json\/wp\/v2\/media?parent=7890"}],"wp:term":[{"taxonomy":"product_brand","embeddable":true,"href":"https:\/\/claudemaillot.com\/index.php\/wp-json\/wp\/v2\/product_brand?post=7890"},{"taxonomy":"product_cat","embeddable":true,"href":"https:\/\/claudemaillot.com\/index.php\/wp-json\/wp\/v2\/product_cat?post=7890"},{"taxonomy":"product_tag","embeddable":true,"href":"https:\/\/claudemaillot.com\/index.php\/wp-json\/wp\/v2\/product_tag?post=7890"}],"curies":[{"name":"wp","href":"https:\/\/api.w.org\/{rel}","templated":true}]}}