{"id":7842,"date":"2026-04-04T10:43:36","date_gmt":"2026-04-04T08:43:36","guid":{"rendered":"https:\/\/claudemaillot.com\/?post_type=product&#038;p=7842"},"modified":"2026-04-04T18:56:53","modified_gmt":"2026-04-04T16:56:53","slug":"illustration-mont-des-arts-bruxelles-encre","status":"publish","type":"product","link":"https:\/\/claudemaillot.com\/index.php\/product\/illustration-mont-des-arts-bruxelles-encre\/","title":{"rendered":"Le Mont des Arts &#8211; Illustration \u00e0 l&rsquo;encre de Chine"},"content":{"rendered":"<h2>Le Mont des Arts : Une silhouette bruxelloise intemporelle<\/h2>\n<p>Faire une halte au <strong>Mont des Arts<\/strong>, c\u2019est contempler Bruxelles d\u2019un seul coup d&rsquo;oeil.<\/p>\n<p>Dans cette<strong> illustration \u00e0 l&rsquo;encre de chine<\/strong>, j&rsquo;ai cherch\u00e9 \u00e0 saisir la grandeur de ce lieu o\u00f9 le temps para\u00eet suspendu. On y voit la statue \u00e9questre du<strong> Roi Albert Ier<\/strong> se d\u00e9tacher avec force, tandis que, en arri\u00e8re-plan, la <strong>fl\u00e8che de l&rsquo;H\u00f4tel<\/strong> <strong>de Ville<\/strong> s&rsquo;\u00e9lance fi\u00e8rement vers le ciel.<\/p>\n<p>Le travail \u00e0 la plume r\u00e9v\u00e8le chaque d\u00e9tail des fa\u00e7ades classiques et la d\u00e9licatesse de la pierre de<strong> la tour gothique<\/strong>. Cette illustration exprime mon amour pour ma ville d&rsquo;adoption, en tentant de capturer cette \u00e9l\u00e9gance bruxelloise unique qui combine l&rsquo;architecture et le calme urbain.<\/p>\n<p>Que vous viviez \u00e0 Bruxelles ou que vous soyez en visite, cette cr\u00e9ation rend hommage au <strong>patrimoine belge<\/strong> et repr\u00e9sente une pi\u00e8ce qui apporte la grandeur du<strong> centre historique<\/strong> directement chez vous.<\/p>\n","protected":false},"excerpt":{"rendered":"<p>La plume et l&rsquo;encre de Chine capturent l&rsquo;\u00e9l\u00e9gance de <strong>Bruxelles<\/strong>.<\/p>\n<p>Cette illustration du<strong> Mont des Arts<\/strong> met en lumi\u00e8re l&rsquo;<strong>H\u00f4tel de Ville<\/strong> et la statue d&rsquo;<strong>Albert Ier<\/strong> dans un noir et blanc intemporel.<\/p>\n<p>Une cr\u00e9ation artistique d\u00e9di\u00e9e au q<strong>uartier historique de la capitale belge<\/strong>.<\/p>\n<p style=\"text-align: center;\"><strong>Options d&rsquo;impression (vendues sans cadre)\u00a0<\/strong><\/p>\n<p><strong>Petit &amp; moyen format<\/strong> (20\u00d730 \/ 30\u00d740 cm) \u2014 Papier coton 350g\/m\u00b2 | L<em>ivr\u00e9 \u00e0 plat<\/em><\/p>\n<p><strong>Grand format<\/strong> (40\u00d750 \/ 50\u00d770 cm) \u2014 Toile Canvas 400g\/m\u00b2 | <em>Livr\u00e9 en tube<\/em><\/p>\n<p><strong>L\u2019original<\/strong> (29,7\u00d742 cm) \u2014 Papier bristol 250g\/m\u00b2 | <em>Livr\u00e9 \u00e0 plat avec un certificat d\u2019authenticit\u00e9<\/em><\/p>\n<h3 data-path-to-node=\"19,0,0\">S\u00e9lectionnez votre format ci-dessous :<\/h3>\n","protected":false},"featured_media":7879,"comment_status":"open","ping_status":"closed","template":"","meta":{"content-type":""},"product_brand":[],"product_cat":[245,246],"product_tag":[249,251,250,240,248,247],"class_list":{"0":"post-7842","1":"product","2":"type-product","3":"status-publish","4":"has-post-thumbnail","6":"product_cat-boutique-reproduction-dart","7":"product_cat-serie-bruxelles","8":"product_tag-architecture-belge","9":"product_tag-cadeau-bruxellois","10":"product_tag-dessin-ville","11":"product_tag-encre-de-chine","12":"product_tag-hotel-de-ville-de-bruxelles","13":"product_tag-mont-des-arts","14":"latest_post","16":"first","17":"instock","18":"shipping-taxable","19":"purchasable","20":"product-type-variable"},"yoast_head":"<!-- This site is optimized with the Yoast SEO plugin v27.3 - https:\/\/yoast.com\/product\/yoast-seo-wordpress\/ -->\n<title>Mont des Arts : Dessin \u00e0 l&#039;encre de chine de Bruxelles<\/title>\n<meta name=\"description\" content=\"D\u00e9couvrez le Mont des Arts comme vous ne l&#039;avez jamais vu. Une illustration artisanale \u00e0 l&#039;encre de chine capturant l&#039;essence du patrimoine bruxellois.\" \/>\n<meta name=\"robots\" content=\"index, follow, max-snippet:-1, max-image-preview:large, max-video-preview:-1\" \/>\n<link rel=\"canonical\" href=\"https:\/\/claudemaillot.com\/index.php\/product\/illustration-mont-des-arts-bruxelles-encre\/\" \/>\n<meta property=\"og:locale\" content=\"fr_FR\" \/>\n<meta property=\"og:type\" content=\"article\" \/>\n<meta property=\"og:title\" content=\"Mont des Arts : Dessin \u00e0 l&#039;encre de chine de Bruxelles\" \/>\n<meta property=\"og:description\" content=\"D\u00e9couvrez le Mont des Arts comme vous ne l&#039;avez jamais vu. Une illustration artisanale \u00e0 l&#039;encre de chine capturant l&#039;essence du patrimoine bruxellois.\" \/>\n<meta property=\"og:url\" content=\"https:\/\/claudemaillot.com\/index.php\/product\/illustration-mont-des-arts-bruxelles-encre\/\" \/>\n<meta property=\"og:site_name\" content=\"Claude Maillot\" \/>\n<meta property=\"article:publisher\" content=\"https:\/\/www.facebook.com\/claude.maillot.58?locale=fr_FR\" \/>\n<meta property=\"article:modified_time\" content=\"2026-04-04T16:56:53+00:00\" \/>\n<meta property=\"og:image\" content=\"https:\/\/claudemaillot.com\/wp-content\/uploads\/2026\/04\/Mont-des-Arts-.jpg\" \/>\n\t<meta property=\"og:image:width\" content=\"1200\" \/>\n\t<meta property=\"og:image:height\" content=\"1200\" \/>\n\t<meta property=\"og:image:type\" content=\"image\/jpeg\" \/>\n<meta name=\"twitter:card\" content=\"summary_large_image\" \/>\n<meta name=\"twitter:label1\" content=\"Dur\u00e9e de lecture estim\u00e9e\" \/>\n\t<meta name=\"twitter:data1\" content=\"1 minute\" \/>\n<script type=\"application\/ld+json\" class=\"yoast-schema-graph\">{\"@context\":\"https:\\\/\\\/schema.org\",\"@graph\":[{\"@type\":\"WebPage\",\"@id\":\"https:\\\/\\\/claudemaillot.com\\\/index.php\\\/product\\\/illustration-mont-des-arts-bruxelles-encre\\\/\",\"url\":\"https:\\\/\\\/claudemaillot.com\\\/index.php\\\/product\\\/illustration-mont-des-arts-bruxelles-encre\\\/\",\"name\":\"Mont des Arts : Dessin \u00e0 l'encre de chine de Bruxelles\",\"isPartOf\":{\"@id\":\"https:\\\/\\\/claudemaillot.com\\\/#website\"},\"primaryImageOfPage\":{\"@id\":\"https:\\\/\\\/claudemaillot.com\\\/index.php\\\/product\\\/illustration-mont-des-arts-bruxelles-encre\\\/#primaryimage\"},\"image\":{\"@id\":\"https:\\\/\\\/claudemaillot.com\\\/index.php\\\/product\\\/illustration-mont-des-arts-bruxelles-encre\\\/#primaryimage\"},\"thumbnailUrl\":\"https:\\\/\\\/claudemaillot.com\\\/wp-content\\\/uploads\\\/2026\\\/04\\\/Mont-des-Arts-.jpg\",\"datePublished\":\"2026-04-04T08:43:36+00:00\",\"dateModified\":\"2026-04-04T16:56:53+00:00\",\"description\":\"D\u00e9couvrez le Mont des Arts comme vous ne l'avez jamais vu. Une illustration artisanale \u00e0 l'encre de chine capturant l'essence du patrimoine bruxellois.\",\"breadcrumb\":{\"@id\":\"https:\\\/\\\/claudemaillot.com\\\/index.php\\\/product\\\/illustration-mont-des-arts-bruxelles-encre\\\/#breadcrumb\"},\"inLanguage\":\"fr-FR\",\"potentialAction\":[{\"@type\":\"ReadAction\",\"target\":[\"https:\\\/\\\/claudemaillot.com\\\/index.php\\\/product\\\/illustration-mont-des-arts-bruxelles-encre\\\/\"]}]},{\"@type\":\"ImageObject\",\"inLanguage\":\"fr-FR\",\"@id\":\"https:\\\/\\\/claudemaillot.com\\\/index.php\\\/product\\\/illustration-mont-des-arts-bruxelles-encre\\\/#primaryimage\",\"url\":\"https:\\\/\\\/claudemaillot.com\\\/wp-content\\\/uploads\\\/2026\\\/04\\\/Mont-des-Arts-.jpg\",\"contentUrl\":\"https:\\\/\\\/claudemaillot.com\\\/wp-content\\\/uploads\\\/2026\\\/04\\\/Mont-des-Arts-.jpg\",\"width\":1200,\"height\":1200,\"caption\":\"llustration du Mont des Arts \u00e0 Bruxelles avec la statue d'Albert Ier et la fl\u00e8che de l'H\u00f4tel de Ville, dessin\"},{\"@type\":\"BreadcrumbList\",\"@id\":\"https:\\\/\\\/claudemaillot.com\\\/index.php\\\/product\\\/illustration-mont-des-arts-bruxelles-encre\\\/#breadcrumb\",\"itemListElement\":[{\"@type\":\"ListItem\",\"position\":1,\"name\":\"Accueil\",\"item\":\"https:\\\/\\\/claudemaillot.com\\\/\"},{\"@type\":\"ListItem\",\"position\":2,\"name\":\"Ma boutique\",\"item\":\"https:\\\/\\\/claudemaillot.com\\\/index.php\\\/ma-boutique-claude-maillot\\\/\"},{\"@type\":\"ListItem\",\"position\":3,\"name\":\"Le Mont des Arts &#8211; Illustration \u00e0 l&rsquo;encre de Chine\"}]},{\"@type\":\"WebSite\",\"@id\":\"https:\\\/\\\/claudemaillot.com\\\/#website\",\"url\":\"https:\\\/\\\/claudemaillot.com\\\/\",\"name\":\"Claude Maillot\",\"description\":\"Un trait tout simplement avec passion et patience\",\"publisher\":{\"@id\":\"https:\\\/\\\/claudemaillot.com\\\/#\\\/schema\\\/person\\\/4b127cb441d7503c9c8126de84eeece1\"},\"potentialAction\":[{\"@type\":\"SearchAction\",\"target\":{\"@type\":\"EntryPoint\",\"urlTemplate\":\"https:\\\/\\\/claudemaillot.com\\\/?s={search_term_string}\"},\"query-input\":{\"@type\":\"PropertyValueSpecification\",\"valueRequired\":true,\"valueName\":\"search_term_string\"}}],\"inLanguage\":\"fr-FR\"},{\"@type\":[\"Person\",\"Organization\"],\"@id\":\"https:\\\/\\\/claudemaillot.com\\\/#\\\/schema\\\/person\\\/4b127cb441d7503c9c8126de84eeece1\",\"name\":\"Claude Maillot\",\"image\":{\"@type\":\"ImageObject\",\"inLanguage\":\"fr-FR\",\"@id\":\"http:\\\/\\\/claudemaillot.com\\\/wp-content\\\/uploads\\\/2025\\\/06\\\/Logo-CM.png\",\"url\":\"http:\\\/\\\/claudemaillot.com\\\/wp-content\\\/uploads\\\/2025\\\/06\\\/Logo-CM.png\",\"contentUrl\":\"http:\\\/\\\/claudemaillot.com\\\/wp-content\\\/uploads\\\/2025\\\/06\\\/Logo-CM.png\",\"width\":500,\"height\":500,\"caption\":\"Claude Maillot\"},\"logo\":{\"@id\":\"http:\\\/\\\/claudemaillot.com\\\/wp-content\\\/uploads\\\/2025\\\/06\\\/Logo-CM.png\"},\"sameAs\":[\"https:\\\/\\\/claudemaillot.com\",\"https:\\\/\\\/www.facebook.com\\\/claude.maillot.58?locale=fr_FR\",\"https:\\\/\\\/www.instagram.com\\\/claude_maillot\\\/\",\"https:\\\/\\\/www.linkedin.com\\\/in\\\/claude-maillot\\\/\",\"https:\\\/\\\/fr.pinterest.com\\\/claudemaillot7\\\/\"]}]}<\/script>\n<!-- \/ Yoast SEO plugin. -->","yoast_head_json":{"title":"Mont des Arts : Dessin \u00e0 l'encre de chine de Bruxelles","description":"D\u00e9couvrez le Mont des Arts comme vous ne l'avez jamais vu. Une illustration artisanale \u00e0 l'encre de chine capturant l'essence du patrimoine bruxellois.","robots":{"index":"index","follow":"follow","max-snippet":"max-snippet:-1","max-image-preview":"max-image-preview:large","max-video-preview":"max-video-preview:-1"},"canonical":"https:\/\/claudemaillot.com\/index.php\/product\/illustration-mont-des-arts-bruxelles-encre\/","og_locale":"fr_FR","og_type":"article","og_title":"Mont des Arts : Dessin \u00e0 l'encre de chine de Bruxelles","og_description":"D\u00e9couvrez le Mont des Arts comme vous ne l'avez jamais vu. Une illustration artisanale \u00e0 l'encre de chine capturant l'essence du patrimoine bruxellois.","og_url":"https:\/\/claudemaillot.com\/index.php\/product\/illustration-mont-des-arts-bruxelles-encre\/","og_site_name":"Claude Maillot","article_publisher":"https:\/\/www.facebook.com\/claude.maillot.58?locale=fr_FR","article_modified_time":"2026-04-04T16:56:53+00:00","og_image":[{"width":1200,"height":1200,"url":"https:\/\/claudemaillot.com\/wp-content\/uploads\/2026\/04\/Mont-des-Arts-.jpg","type":"image\/jpeg"}],"twitter_card":"summary_large_image","twitter_misc":{"Dur\u00e9e de lecture estim\u00e9e":"1 minute"},"schema":{"@context":"https:\/\/schema.org","@graph":[{"@type":"WebPage","@id":"https:\/\/claudemaillot.com\/index.php\/product\/illustration-mont-des-arts-bruxelles-encre\/","url":"https:\/\/claudemaillot.com\/index.php\/product\/illustration-mont-des-arts-bruxelles-encre\/","name":"Mont des Arts : Dessin \u00e0 l'encre de chine de Bruxelles","isPartOf":{"@id":"https:\/\/claudemaillot.com\/#website"},"primaryImageOfPage":{"@id":"https:\/\/claudemaillot.com\/index.php\/product\/illustration-mont-des-arts-bruxelles-encre\/#primaryimage"},"image":{"@id":"https:\/\/claudemaillot.com\/index.php\/product\/illustration-mont-des-arts-bruxelles-encre\/#primaryimage"},"thumbnailUrl":"https:\/\/claudemaillot.com\/wp-content\/uploads\/2026\/04\/Mont-des-Arts-.jpg","datePublished":"2026-04-04T08:43:36+00:00","dateModified":"2026-04-04T16:56:53+00:00","description":"D\u00e9couvrez le Mont des Arts comme vous ne l'avez jamais vu. Une illustration artisanale \u00e0 l'encre de chine capturant l'essence du patrimoine bruxellois.","breadcrumb":{"@id":"https:\/\/claudemaillot.com\/index.php\/product\/illustration-mont-des-arts-bruxelles-encre\/#breadcrumb"},"inLanguage":"fr-FR","potentialAction":[{"@type":"ReadAction","target":["https:\/\/claudemaillot.com\/index.php\/product\/illustration-mont-des-arts-bruxelles-encre\/"]}]},{"@type":"ImageObject","inLanguage":"fr-FR","@id":"https:\/\/claudemaillot.com\/index.php\/product\/illustration-mont-des-arts-bruxelles-encre\/#primaryimage","url":"https:\/\/claudemaillot.com\/wp-content\/uploads\/2026\/04\/Mont-des-Arts-.jpg","contentUrl":"https:\/\/claudemaillot.com\/wp-content\/uploads\/2026\/04\/Mont-des-Arts-.jpg","width":1200,"height":1200,"caption":"llustration du Mont des Arts \u00e0 Bruxelles avec la statue d'Albert Ier et la fl\u00e8che de l'H\u00f4tel de Ville, dessin"},{"@type":"BreadcrumbList","@id":"https:\/\/claudemaillot.com\/index.php\/product\/illustration-mont-des-arts-bruxelles-encre\/#breadcrumb","itemListElement":[{"@type":"ListItem","position":1,"name":"Accueil","item":"https:\/\/claudemaillot.com\/"},{"@type":"ListItem","position":2,"name":"Ma boutique","item":"https:\/\/claudemaillot.com\/index.php\/ma-boutique-claude-maillot\/"},{"@type":"ListItem","position":3,"name":"Le Mont des Arts &#8211; Illustration \u00e0 l&rsquo;encre de Chine"}]},{"@type":"WebSite","@id":"https:\/\/claudemaillot.com\/#website","url":"https:\/\/claudemaillot.com\/","name":"Claude Maillot","description":"Un trait tout simplement avec passion et patience","publisher":{"@id":"https:\/\/claudemaillot.com\/#\/schema\/person\/4b127cb441d7503c9c8126de84eeece1"},"potentialAction":[{"@type":"SearchAction","target":{"@type":"EntryPoint","urlTemplate":"https:\/\/claudemaillot.com\/?s={search_term_string}"},"query-input":{"@type":"PropertyValueSpecification","valueRequired":true,"valueName":"search_term_string"}}],"inLanguage":"fr-FR"},{"@type":["Person","Organization"],"@id":"https:\/\/claudemaillot.com\/#\/schema\/person\/4b127cb441d7503c9c8126de84eeece1","name":"Claude Maillot","image":{"@type":"ImageObject","inLanguage":"fr-FR","@id":"http:\/\/claudemaillot.com\/wp-content\/uploads\/2025\/06\/Logo-CM.png","url":"http:\/\/claudemaillot.com\/wp-content\/uploads\/2025\/06\/Logo-CM.png","contentUrl":"http:\/\/claudemaillot.com\/wp-content\/uploads\/2025\/06\/Logo-CM.png","width":500,"height":500,"caption":"Claude Maillot"},"logo":{"@id":"http:\/\/claudemaillot.com\/wp-content\/uploads\/2025\/06\/Logo-CM.png"},"sameAs":["https:\/\/claudemaillot.com","https:\/\/www.facebook.com\/claude.maillot.58?locale=fr_FR","https:\/\/www.instagram.com\/claude_maillot\/","https:\/\/www.linkedin.com\/in\/claude-maillot\/","https:\/\/fr.pinterest.com\/claudemaillot7\/"]}]}},"_links":{"self":[{"href":"https:\/\/claudemaillot.com\/index.php\/wp-json\/wp\/v2\/product\/7842","targetHints":{"allow":["GET"]}}],"collection":[{"href":"https:\/\/claudemaillot.com\/index.php\/wp-json\/wp\/v2\/product"}],"about":[{"href":"https:\/\/claudemaillot.com\/index.php\/wp-json\/wp\/v2\/types\/product"}],"replies":[{"embeddable":true,"href":"https:\/\/claudemaillot.com\/index.php\/wp-json\/wp\/v2\/comments?post=7842"}],"wp:featuredmedia":[{"embeddable":true,"href":"https:\/\/claudemaillot.com\/index.php\/wp-json\/wp\/v2\/media\/7879"}],"wp:attachment":[{"href":"https:\/\/claudemaillot.com\/index.php\/wp-json\/wp\/v2\/media?parent=7842"}],"wp:term":[{"taxonomy":"product_brand","embeddable":true,"href":"https:\/\/claudemaillot.com\/index.php\/wp-json\/wp\/v2\/product_brand?post=7842"},{"taxonomy":"product_cat","embeddable":true,"href":"https:\/\/claudemaillot.com\/index.php\/wp-json\/wp\/v2\/product_cat?post=7842"},{"taxonomy":"product_tag","embeddable":true,"href":"https:\/\/claudemaillot.com\/index.php\/wp-json\/wp\/v2\/product_tag?post=7842"}],"curies":[{"name":"wp","href":"https:\/\/api.w.org\/{rel}","templated":true}]}}