{"id":6877,"date":"2026-03-11T16:24:33","date_gmt":"2026-03-11T15:24:33","guid":{"rendered":"https:\/\/claudemaillot.com\/index.php\/panier\/"},"modified":"2026-03-11T16:24:33","modified_gmt":"2026-03-11T15:24:33","slug":"panier","status":"publish","type":"page","link":"https:\/\/claudemaillot.com\/index.php\/panier\/","title":{"rendered":"Panier"},"content":{"rendered":"\n<div data-block-name=\"woocommerce\/cart\" class=\"wp-block-woocommerce-cart alignwide is-loading\">\n<div data-block-name=\"woocommerce\/filled-cart-block\" class=\"wp-block-woocommerce-filled-cart-block\">\n<div data-block-name=\"woocommerce\/cart-items-block\" class=\"wp-block-woocommerce-cart-items-block\">\n<div data-block-name=\"woocommerce\/cart-line-items-block\" class=\"wp-block-woocommerce-cart-line-items-block\"><\/div>\n\n\n<\/div>\n\n\n\n\n<div data-block-name=\"woocommerce\/cart-totals-block\" class=\"wp-block-woocommerce-cart-totals-block\">\n<div data-block-name=\"woocommerce\/cart-order-summary-block\" class=\"wp-block-woocommerce-cart-order-summary-block\">\n<div data-block-name=\"woocommerce\/cart-order-summary-heading-block\" class=\"wp-block-woocommerce-cart-order-summary-heading-block\"><\/div><div data-block-name=\"woocommerce\/cart-order-summary-coupon-form-block\" class=\"wp-block-woocommerce-cart-order-summary-coupon-form-block\"><\/div><div data-block-name=\"woocommerce\/cart-order-summary-totals-block\" class=\"wp-block-woocommerce-cart-order-summary-totals-block\">\n<div data-block-name=\"woocommerce\/cart-order-summary-subtotal-block\" class=\"wp-block-woocommerce-cart-order-summary-subtotal-block\"><\/div>\n<div data-block-name=\"woocommerce\/cart-order-summary-discount-block\" class=\"wp-block-woocommerce-cart-order-summary-discount-block\"><\/div>\n<div data-block-name=\"woocommerce\/cart-order-summary-fee-block\" class=\"wp-block-woocommerce-cart-order-summary-fee-block\"><\/div>\n<div data-block-name=\"woocommerce\/cart-order-summary-shipping-block\" class=\"wp-block-woocommerce-cart-order-summary-shipping-block\"><\/div>\n<div data-block-name=\"woocommerce\/cart-order-summary-taxes-block\" class=\"wp-block-woocommerce-cart-order-summary-taxes-block\"><\/div><\/div>\n<\/div>\n\n\n\n<div data-block-name=\"woocommerce\/cart-express-payment-block\" class=\"wp-block-woocommerce-cart-express-payment-block\"><\/div>\n\n\n\n<div data-block-name=\"woocommerce\/proceed-to-checkout-block\" class=\"wp-block-woocommerce-proceed-to-checkout-block\"><\/div>\n\n\n\n<div data-block-name=\"woocommerce\/cart-accepted-payment-methods-block\" class=\"wp-block-woocommerce-cart-accepted-payment-methods-block\"><\/div>\n<\/div>\n<\/div>\n\n\n\n<div data-block-name=\"woocommerce\/empty-cart-block\" class=\"wp-block-woocommerce-empty-cart-block\">\n<h2 class=\"wp-block-heading has-text-align-center with-empty-cart-icon wc-block-cart__empty-cart__title\">Votre panier est actuellement vide\u00a0!<\/h2>\n\n\n\n<hr class=\"wp-block-separator has-alpha-channel-opacity is-style-dots\"\/>\n\n\n\n<h2 class=\"wp-block-heading has-text-align-center\">Nouveau dans la boutique<\/h2>\n\n\n<div data-block-name=\"woocommerce\/product-new\" data-columns=\"4\" data-rows=\"1\" class=\"wc-block-grid wp-block-product-new wp-block-woocommerce-product-new wc-block-product-new has-4-columns\"><ul class=\"wc-block-grid__products\"><li class=\"wc-block-grid__product\">\n\t\t\t\t<a href=\"https:\/\/claudemaillot.com\/index.php\/product\/illustration-etui-creole-hauts-reunion-encre\/\" class=\"wc-block-grid__product-link\">\n\t\t\t\t\t\n\t\t\t\t\t<div class=\"wc-block-grid__product-image\"><img loading=\"lazy\" decoding=\"async\" width=\"800\" height=\"800\" src=\"data:image\/gif;base64,R0lGODlhAQABAAAAACH5BAEKAAEALAAAAAABAAEAAAICTAEAOw==\" data-layzr=\"data:image\/gif;base64,R0lGODlhAQABAAAAACH5BAEKAAEALAAAAAABAAEAAAICTAEAOw==\" class=\"attachment-woocommerce_thumbnail size-woocommerce_thumbnail\" alt=\"Les Avirons\" data-layzr-srcset=\"\" sizes=\"auto, (max-width: 800px) 100vw, 800px\" data-layzr=\"https:\/\/claudemaillot.com\/wp-content\/uploads\/2026\/04\/Les-avirons--800x800.jpg\" data-layzr-data-layzr-srcset=\"https:\/\/claudemaillot.com\/wp-content\/uploads\/2026\/04\/Les-avirons--800x800.jpg 800w, https:\/\/claudemaillot.com\/wp-content\/uploads\/2026\/04\/Les-avirons--300x300.jpg 300w, https:\/\/claudemaillot.com\/wp-content\/uploads\/2026\/04\/Les-avirons--150x150.jpg 150w, https:\/\/claudemaillot.com\/wp-content\/uploads\/2026\/04\/Les-avirons--768x768.jpg 768w, https:\/\/claudemaillot.com\/wp-content\/uploads\/2026\/04\/Les-avirons--860x860.jpg 860w, https:\/\/claudemaillot.com\/wp-content\/uploads\/2026\/04\/Les-avirons--100x100.jpg 100w, https:\/\/claudemaillot.com\/wp-content\/uploads\/2026\/04\/Les-avirons-.jpg 1200w\" \/><\/div>\n\t\t\t\t\t<div class=\"wc-block-grid__product-title\">Case Cr\u00e9ole des Hauts de La R\u00e9union<\/div>\n\t\t\t\t<\/a>\n\t\t\t\t<div class=\"wc-block-grid__product-price price\"><\/div>\n\t\t\t\t\n\t\t\t\t<div class=\"wp-block-button wc-block-grid__product-add-to-cart\"><a href=\"https:\/\/claudemaillot.com\/index.php\/product\/illustration-etui-creole-hauts-reunion-encre\/\" aria-label=\"En savoir plus sur &ldquo;Case Cr\u00e9ole des Hauts de La R\u00e9union&rdquo;\" data-quantity=\"1\" data-product_id=\"8060\" data-product_sku=\"\" data-price=\"0\" rel=\"nofollow\" class=\"wp-block-button__link  add_to_cart_button\">Lire la suite<\/a><\/div>\n\t\t\t<\/li><li class=\"wc-block-grid__product\">\n\t\t\t\t<a href=\"https:\/\/claudemaillot.com\/index.php\/product\/villa-riviere-estampe-encre-illustration-architecturale\/\" class=\"wc-block-grid__product-link\">\n\t\t\t\t\t\n\t\t\t\t\t<div class=\"wc-block-grid__product-image\"><img loading=\"lazy\" decoding=\"async\" width=\"800\" height=\"800\" src=\"data:image\/gif;base64,R0lGODlhAQABAAAAACH5BAEKAAEALAAAAAABAAEAAAICTAEAOw==\" data-layzr=\"data:image\/gif;base64,R0lGODlhAQABAAAAACH5BAEKAAEALAAAAAABAAEAAAICTAEAOw==\" class=\"attachment-woocommerce_thumbnail size-woocommerce_thumbnail\" alt=\"Villa Rivi\u00e8re\" data-layzr-srcset=\"\" sizes=\"auto, (max-width: 800px) 100vw, 800px\" data-layzr=\"https:\/\/claudemaillot.com\/wp-content\/uploads\/2026\/04\/Villa-Riviere--800x800.jpg\" data-layzr-data-layzr-srcset=\"https:\/\/claudemaillot.com\/wp-content\/uploads\/2026\/04\/Villa-Riviere--800x800.jpg 800w, https:\/\/claudemaillot.com\/wp-content\/uploads\/2026\/04\/Villa-Riviere--300x300.jpg 300w, https:\/\/claudemaillot.com\/wp-content\/uploads\/2026\/04\/Villa-Riviere--150x150.jpg 150w, https:\/\/claudemaillot.com\/wp-content\/uploads\/2026\/04\/Villa-Riviere--768x768.jpg 768w, https:\/\/claudemaillot.com\/wp-content\/uploads\/2026\/04\/Villa-Riviere--860x860.jpg 860w, https:\/\/claudemaillot.com\/wp-content\/uploads\/2026\/04\/Villa-Riviere--100x100.jpg 100w, https:\/\/claudemaillot.com\/wp-content\/uploads\/2026\/04\/Villa-Riviere-.jpg 1200w\" \/><\/div>\n\t\t\t\t\t<div class=\"wc-block-grid__product-title\">Villa Rivi\u00e8re La R\u00e9union<\/div>\n\t\t\t\t<\/a>\n\t\t\t\t<div class=\"wc-block-grid__product-price price\"><span class=\"woocommerce-Price-amount amount\" aria-hidden=\"true\">25,00<span class=\"woocommerce-Price-currencySymbol\">&euro;<\/span><\/span> <span aria-hidden=\"true\">\u00a0\u2013\u00a0<\/span> <span class=\"woocommerce-Price-amount amount\" aria-hidden=\"true\">280,00<span class=\"woocommerce-Price-currencySymbol\">&euro;<\/span><\/span><span class=\"screen-reader-text\">Plage de prix\u00a0: 25,00&euro; \u00e0 280,00&euro;<\/span><\/div>\n\t\t\t\t\n\t\t\t\t<div class=\"wp-block-button wc-block-grid__product-add-to-cart\"><a href=\"https:\/\/claudemaillot.com\/index.php\/product\/villa-riviere-estampe-encre-illustration-architecturale\/\" aria-label=\"S\u00e9lectionner les options pour &ldquo;Villa Rivi\u00e8re La R\u00e9union&rdquo;\" data-quantity=\"1\" data-product_id=\"8028\" data-product_sku=\"\" data-price=\"25\" rel=\"nofollow\" class=\"wp-block-button__link  add_to_cart_button\">Choix des options<\/a><\/div>\n\t\t\t<\/li><li class=\"wc-block-grid__product\">\n\t\t\t\t<a href=\"https:\/\/claudemaillot.com\/index.php\/product\/illustration-architecture-maison-creole-reunion\/\" class=\"wc-block-grid__product-link\">\n\t\t\t\t\t\n\t\t\t\t\t<div class=\"wc-block-grid__product-image\"><img loading=\"lazy\" decoding=\"async\" width=\"800\" height=\"800\" src=\"data:image\/gif;base64,R0lGODlhAQABAAAAACH5BAEKAAEALAAAAAABAAEAAAICTAEAOw==\" data-layzr=\"data:image\/gif;base64,R0lGODlhAQABAAAAACH5BAEKAAEALAAAAAABAAEAAAICTAEAOw==\" class=\"attachment-woocommerce_thumbnail size-woocommerce_thumbnail\" alt=\"Maison cr\u00e9ole\" data-layzr-srcset=\"\" sizes=\"auto, (max-width: 800px) 100vw, 800px\" data-layzr=\"https:\/\/claudemaillot.com\/wp-content\/uploads\/2026\/04\/Maison-creole-800x800.jpg\" data-layzr-data-layzr-srcset=\"https:\/\/claudemaillot.com\/wp-content\/uploads\/2026\/04\/Maison-creole-800x800.jpg 800w, https:\/\/claudemaillot.com\/wp-content\/uploads\/2026\/04\/Maison-creole-300x300.jpg 300w, https:\/\/claudemaillot.com\/wp-content\/uploads\/2026\/04\/Maison-creole-150x150.jpg 150w, https:\/\/claudemaillot.com\/wp-content\/uploads\/2026\/04\/Maison-creole-768x768.jpg 768w, https:\/\/claudemaillot.com\/wp-content\/uploads\/2026\/04\/Maison-creole-860x860.jpg 860w, https:\/\/claudemaillot.com\/wp-content\/uploads\/2026\/04\/Maison-creole-100x100.jpg 100w, https:\/\/claudemaillot.com\/wp-content\/uploads\/2026\/04\/Maison-creole.jpg 1200w\" \/><\/div>\n\t\t\t\t\t<div class=\"wc-block-grid__product-title\">Maison cr\u00e9ole, La R\u00e9union<\/div>\n\t\t\t\t<\/a>\n\t\t\t\t<div class=\"wc-block-grid__product-price price\"><span class=\"woocommerce-Price-amount amount\" aria-hidden=\"true\">25,00<span class=\"woocommerce-Price-currencySymbol\">&euro;<\/span><\/span> <span aria-hidden=\"true\">\u00a0\u2013\u00a0<\/span> <span class=\"woocommerce-Price-amount amount\" aria-hidden=\"true\">280,00<span class=\"woocommerce-Price-currencySymbol\">&euro;<\/span><\/span><span class=\"screen-reader-text\">Plage de prix\u00a0: 25,00&euro; \u00e0 280,00&euro;<\/span><\/div>\n\t\t\t\t\n\t\t\t\t<div class=\"wp-block-button wc-block-grid__product-add-to-cart\"><a href=\"https:\/\/claudemaillot.com\/index.php\/product\/illustration-architecture-maison-creole-reunion\/\" aria-label=\"S\u00e9lectionner les options pour &ldquo;Maison cr\u00e9ole, La R\u00e9union&rdquo;\" data-quantity=\"1\" data-product_id=\"8021\" data-product_sku=\"\" data-price=\"25\" rel=\"nofollow\" class=\"wp-block-button__link  add_to_cart_button\">Choix des options<\/a><\/div>\n\t\t\t<\/li><li class=\"wc-block-grid__product\">\n\t\t\t\t<a href=\"https:\/\/claudemaillot.com\/index.php\/product\/dessin-maison-creole-reunion\/\" class=\"wc-block-grid__product-link\">\n\t\t\t\t\t\n\t\t\t\t\t<div class=\"wc-block-grid__product-image\"><img loading=\"lazy\" decoding=\"async\" width=\"800\" height=\"800\" src=\"data:image\/gif;base64,R0lGODlhAQABAAAAACH5BAEKAAEALAAAAAABAAEAAAICTAEAOw==\" data-layzr=\"data:image\/gif;base64,R0lGODlhAQABAAAAACH5BAEKAAEALAAAAAABAAEAAAICTAEAOw==\" class=\"attachment-woocommerce_thumbnail size-woocommerce_thumbnail\" alt=\"Maison Cr\u00e9ole \u00e0 la R\u00e9union\" data-layzr-srcset=\"\" sizes=\"auto, (max-width: 800px) 100vw, 800px\" data-layzr=\"https:\/\/claudemaillot.com\/wp-content\/uploads\/2026\/04\/Rue-des-manguiers-avec-arbre-800x800.jpg\" data-layzr-data-layzr-srcset=\"https:\/\/claudemaillot.com\/wp-content\/uploads\/2026\/04\/Rue-des-manguiers-avec-arbre-800x800.jpg 800w, https:\/\/claudemaillot.com\/wp-content\/uploads\/2026\/04\/Rue-des-manguiers-avec-arbre-300x300.jpg 300w, https:\/\/claudemaillot.com\/wp-content\/uploads\/2026\/04\/Rue-des-manguiers-avec-arbre-150x150.jpg 150w, https:\/\/claudemaillot.com\/wp-content\/uploads\/2026\/04\/Rue-des-manguiers-avec-arbre-768x768.jpg 768w, https:\/\/claudemaillot.com\/wp-content\/uploads\/2026\/04\/Rue-des-manguiers-avec-arbre-860x860.jpg 860w, https:\/\/claudemaillot.com\/wp-content\/uploads\/2026\/04\/Rue-des-manguiers-avec-arbre-100x100.jpg 100w, https:\/\/claudemaillot.com\/wp-content\/uploads\/2026\/04\/Rue-des-manguiers-avec-arbre.jpg 1200w\" \/><\/div>\n\t\t\t\t\t<div class=\"wc-block-grid__product-title\">Maison cr\u00e9ole, La R\u00e9union<\/div>\n\t\t\t\t<\/a>\n\t\t\t\t<div class=\"wc-block-grid__product-price price\"><span class=\"woocommerce-Price-amount amount\" aria-hidden=\"true\">25,00<span class=\"woocommerce-Price-currencySymbol\">&euro;<\/span><\/span> <span aria-hidden=\"true\">\u00a0\u2013\u00a0<\/span> <span class=\"woocommerce-Price-amount amount\" aria-hidden=\"true\">280,00<span class=\"woocommerce-Price-currencySymbol\">&euro;<\/span><\/span><span class=\"screen-reader-text\">Plage de prix\u00a0: 25,00&euro; \u00e0 280,00&euro;<\/span><\/div>\n\t\t\t\t\n\t\t\t\t<div class=\"wp-block-button wc-block-grid__product-add-to-cart\"><a href=\"https:\/\/claudemaillot.com\/index.php\/product\/dessin-maison-creole-reunion\/\" aria-label=\"S\u00e9lectionner les options pour &ldquo;Maison cr\u00e9ole, La R\u00e9union&rdquo;\" data-quantity=\"1\" data-product_id=\"8012\" data-product_sku=\"\" data-price=\"25\" rel=\"nofollow\" class=\"wp-block-button__link  add_to_cart_button\">Choix des options<\/a><\/div>\n\t\t\t<\/li><\/ul><\/div><\/div>\n<\/div>\n","protected":false},"excerpt":{"rendered":"","protected":false},"author":1,"featured_media":0,"parent":0,"menu_order":0,"comment_status":"closed","ping_status":"closed","template":"","meta":{"content-type":"","footnotes":""},"class_list":["post-6877","page","type-page","status-publish","hentry","latest_post"],"yoast_head":"<!-- This site is optimized with the Yoast SEO plugin v27.4 - https:\/\/yoast.com\/product\/yoast-seo-wordpress\/ -->\n<title>Panier - Claude Maillot<\/title>\n<meta name=\"robots\" content=\"index, follow, max-snippet:-1, max-image-preview:large, max-video-preview:-1\" \/>\n<link rel=\"canonical\" href=\"https:\/\/claudemaillot.com\/index.php\/panier\/\" \/>\n<meta property=\"og:locale\" content=\"fr_FR\" \/>\n<meta property=\"og:type\" content=\"article\" \/>\n<meta property=\"og:title\" content=\"Panier - Claude Maillot\" \/>\n<meta property=\"og:url\" content=\"https:\/\/claudemaillot.com\/index.php\/panier\/\" \/>\n<meta property=\"og:site_name\" content=\"Claude Maillot\" \/>\n<meta property=\"article:publisher\" content=\"https:\/\/www.facebook.com\/claude.maillot.58?locale=fr_FR\" \/>\n<meta name=\"twitter:card\" content=\"summary_large_image\" \/>\n<script type=\"application\/ld+json\" class=\"yoast-schema-graph\">{\"@context\":\"https:\\\/\\\/schema.org\",\"@graph\":[{\"@type\":\"WebPage\",\"@id\":\"https:\\\/\\\/claudemaillot.com\\\/index.php\\\/panier\\\/\",\"url\":\"https:\\\/\\\/claudemaillot.com\\\/index.php\\\/panier\\\/\",\"name\":\"Panier - Claude Maillot\",\"isPartOf\":{\"@id\":\"https:\\\/\\\/claudemaillot.com\\\/#website\"},\"datePublished\":\"2026-03-11T15:24:33+00:00\",\"breadcrumb\":{\"@id\":\"https:\\\/\\\/claudemaillot.com\\\/index.php\\\/panier\\\/#breadcrumb\"},\"inLanguage\":\"fr-FR\",\"potentialAction\":[{\"@type\":\"ReadAction\",\"target\":[\"https:\\\/\\\/claudemaillot.com\\\/index.php\\\/panier\\\/\"]}]},{\"@type\":\"BreadcrumbList\",\"@id\":\"https:\\\/\\\/claudemaillot.com\\\/index.php\\\/panier\\\/#breadcrumb\",\"itemListElement\":[{\"@type\":\"ListItem\",\"position\":1,\"name\":\"Accueil\",\"item\":\"https:\\\/\\\/claudemaillot.com\\\/\"},{\"@type\":\"ListItem\",\"position\":2,\"name\":\"Panier\"}]},{\"@type\":\"WebSite\",\"@id\":\"https:\\\/\\\/claudemaillot.com\\\/#website\",\"url\":\"https:\\\/\\\/claudemaillot.com\\\/\",\"name\":\"Claude Maillot\",\"description\":\"Un trait tout simplement avec passion et patience\",\"publisher\":{\"@id\":\"https:\\\/\\\/claudemaillot.com\\\/#\\\/schema\\\/person\\\/4b127cb441d7503c9c8126de84eeece1\"},\"potentialAction\":[{\"@type\":\"SearchAction\",\"target\":{\"@type\":\"EntryPoint\",\"urlTemplate\":\"https:\\\/\\\/claudemaillot.com\\\/?s={search_term_string}\"},\"query-input\":{\"@type\":\"PropertyValueSpecification\",\"valueRequired\":true,\"valueName\":\"search_term_string\"}}],\"inLanguage\":\"fr-FR\"},{\"@type\":[\"Person\",\"Organization\"],\"@id\":\"https:\\\/\\\/claudemaillot.com\\\/#\\\/schema\\\/person\\\/4b127cb441d7503c9c8126de84eeece1\",\"name\":\"Claude Maillot\",\"image\":{\"@type\":\"ImageObject\",\"inLanguage\":\"fr-FR\",\"@id\":\"http:\\\/\\\/claudemaillot.com\\\/wp-content\\\/uploads\\\/2025\\\/06\\\/Logo-CM.png\",\"url\":\"http:\\\/\\\/claudemaillot.com\\\/wp-content\\\/uploads\\\/2025\\\/06\\\/Logo-CM.png\",\"contentUrl\":\"http:\\\/\\\/claudemaillot.com\\\/wp-content\\\/uploads\\\/2025\\\/06\\\/Logo-CM.png\",\"width\":500,\"height\":500,\"caption\":\"Claude Maillot\"},\"logo\":{\"@id\":\"http:\\\/\\\/claudemaillot.com\\\/wp-content\\\/uploads\\\/2025\\\/06\\\/Logo-CM.png\"},\"sameAs\":[\"https:\\\/\\\/claudemaillot.com\",\"https:\\\/\\\/www.facebook.com\\\/claude.maillot.58?locale=fr_FR\",\"https:\\\/\\\/www.instagram.com\\\/claude_maillot\\\/\",\"https:\\\/\\\/www.linkedin.com\\\/in\\\/claude-maillot\\\/\",\"https:\\\/\\\/fr.pinterest.com\\\/claudemaillot7\\\/\"]}]}<\/script>\n<!-- \/ Yoast SEO plugin. -->","yoast_head_json":{"title":"Panier - Claude Maillot","robots":{"index":"index","follow":"follow","max-snippet":"max-snippet:-1","max-image-preview":"max-image-preview:large","max-video-preview":"max-video-preview:-1"},"canonical":"https:\/\/claudemaillot.com\/index.php\/panier\/","og_locale":"fr_FR","og_type":"article","og_title":"Panier - Claude Maillot","og_url":"https:\/\/claudemaillot.com\/index.php\/panier\/","og_site_name":"Claude Maillot","article_publisher":"https:\/\/www.facebook.com\/claude.maillot.58?locale=fr_FR","twitter_card":"summary_large_image","schema":{"@context":"https:\/\/schema.org","@graph":[{"@type":"WebPage","@id":"https:\/\/claudemaillot.com\/index.php\/panier\/","url":"https:\/\/claudemaillot.com\/index.php\/panier\/","name":"Panier - Claude Maillot","isPartOf":{"@id":"https:\/\/claudemaillot.com\/#website"},"datePublished":"2026-03-11T15:24:33+00:00","breadcrumb":{"@id":"https:\/\/claudemaillot.com\/index.php\/panier\/#breadcrumb"},"inLanguage":"fr-FR","potentialAction":[{"@type":"ReadAction","target":["https:\/\/claudemaillot.com\/index.php\/panier\/"]}]},{"@type":"BreadcrumbList","@id":"https:\/\/claudemaillot.com\/index.php\/panier\/#breadcrumb","itemListElement":[{"@type":"ListItem","position":1,"name":"Accueil","item":"https:\/\/claudemaillot.com\/"},{"@type":"ListItem","position":2,"name":"Panier"}]},{"@type":"WebSite","@id":"https:\/\/claudemaillot.com\/#website","url":"https:\/\/claudemaillot.com\/","name":"Claude Maillot","description":"Un trait tout simplement avec passion et patience","publisher":{"@id":"https:\/\/claudemaillot.com\/#\/schema\/person\/4b127cb441d7503c9c8126de84eeece1"},"potentialAction":[{"@type":"SearchAction","target":{"@type":"EntryPoint","urlTemplate":"https:\/\/claudemaillot.com\/?s={search_term_string}"},"query-input":{"@type":"PropertyValueSpecification","valueRequired":true,"valueName":"search_term_string"}}],"inLanguage":"fr-FR"},{"@type":["Person","Organization"],"@id":"https:\/\/claudemaillot.com\/#\/schema\/person\/4b127cb441d7503c9c8126de84eeece1","name":"Claude Maillot","image":{"@type":"ImageObject","inLanguage":"fr-FR","@id":"http:\/\/claudemaillot.com\/wp-content\/uploads\/2025\/06\/Logo-CM.png","url":"http:\/\/claudemaillot.com\/wp-content\/uploads\/2025\/06\/Logo-CM.png","contentUrl":"http:\/\/claudemaillot.com\/wp-content\/uploads\/2025\/06\/Logo-CM.png","width":500,"height":500,"caption":"Claude Maillot"},"logo":{"@id":"http:\/\/claudemaillot.com\/wp-content\/uploads\/2025\/06\/Logo-CM.png"},"sameAs":["https:\/\/claudemaillot.com","https:\/\/www.facebook.com\/claude.maillot.58?locale=fr_FR","https:\/\/www.instagram.com\/claude_maillot\/","https:\/\/www.linkedin.com\/in\/claude-maillot\/","https:\/\/fr.pinterest.com\/claudemaillot7\/"]}]}},"_links":{"self":[{"href":"https:\/\/claudemaillot.com\/index.php\/wp-json\/wp\/v2\/pages\/6877","targetHints":{"allow":["GET"]}}],"collection":[{"href":"https:\/\/claudemaillot.com\/index.php\/wp-json\/wp\/v2\/pages"}],"about":[{"href":"https:\/\/claudemaillot.com\/index.php\/wp-json\/wp\/v2\/types\/page"}],"author":[{"embeddable":true,"href":"https:\/\/claudemaillot.com\/index.php\/wp-json\/wp\/v2\/users\/1"}],"replies":[{"embeddable":true,"href":"https:\/\/claudemaillot.com\/index.php\/wp-json\/wp\/v2\/comments?post=6877"}],"version-history":[{"count":0,"href":"https:\/\/claudemaillot.com\/index.php\/wp-json\/wp\/v2\/pages\/6877\/revisions"}],"wp:attachment":[{"href":"https:\/\/claudemaillot.com\/index.php\/wp-json\/wp\/v2\/media?parent=6877"}],"curies":[{"name":"wp","href":"https:\/\/api.w.org\/{rel}","templated":true}]}}