{"id":6489,"date":"2026-03-01T11:33:11","date_gmt":"2026-03-01T10:33:11","guid":{"rendered":"https:\/\/claudemaillot.com\/?page_id=6489"},"modified":"2026-03-30T12:58:15","modified_gmt":"2026-03-30T10:58:15","slug":"page-daccueil-claude-maillot","status":"publish","type":"page","link":"https:\/\/claudemaillot.com\/","title":{"rendered":"Accueil"},"content":{"rendered":"","protected":false},"excerpt":{"rendered":"<p>Artiste originaire de La R\u00e9union, je vis \u00e0 Bruxelles. Mes dessins sont r\u00e9alis\u00e9s \u00e0 la main et \u00e0 l&rsquo;encre de Chine.<\/p>\n","protected":false},"author":1,"featured_media":6286,"parent":0,"menu_order":0,"comment_status":"closed","ping_status":"closed","template":"","meta":{"content-type":"","footnotes":""},"class_list":["post-6489","page","type-page","status-publish","has-post-thumbnail","hentry","latest_post"],"yoast_head":"<!-- This site is optimized with the Yoast SEO plugin v27.4 - https:\/\/yoast.com\/product\/yoast-seo-wordpress\/ -->\n<title>Un trait \u00e0 la fois avec passion et patience<\/title>\n<meta name=\"description\" content=\"Un trait \u00e0 la fois, avec passion et patience. D\u00e9couvrez les illustrations originales \u00e0 l&#039;encre et les dessins sur mesure de Claude Maillot.\" \/>\n<meta name=\"robots\" content=\"index, follow, max-snippet:-1, max-image-preview:large, max-video-preview:-1\" \/>\n<link rel=\"canonical\" href=\"https:\/\/claudemaillot.com\/\" \/>\n<meta property=\"og:locale\" content=\"fr_FR\" \/>\n<meta property=\"og:type\" content=\"article\" \/>\n<meta property=\"og:title\" content=\"Un trait \u00e0 la fois avec passion et patience\" \/>\n<meta property=\"og:description\" content=\"Un trait \u00e0 la fois, avec passion et patience. D\u00e9couvrez les illustrations originales \u00e0 l&#039;encre et les dessins sur mesure de Claude Maillot.\" \/>\n<meta property=\"og:url\" content=\"https:\/\/claudemaillot.com\/\" \/>\n<meta property=\"og:site_name\" content=\"Claude Maillot\" \/>\n<meta property=\"article:publisher\" content=\"https:\/\/www.facebook.com\/claude.maillot.58?locale=fr_FR\" \/>\n<meta property=\"article:modified_time\" content=\"2026-03-30T10:58:15+00:00\" \/>\n<meta property=\"og:image\" content=\"https:\/\/claudemaillot.com\/wp-content\/uploads\/2026\/01\/bruxelles-le-mont-des-arts.webp\" \/>\n\t<meta property=\"og:image:width\" content=\"1357\" \/>\n\t<meta property=\"og:image:height\" content=\"1920\" \/>\n\t<meta property=\"og:image:type\" content=\"image\/webp\" \/>\n<meta name=\"twitter:card\" content=\"summary_large_image\" \/>\n<meta name=\"twitter:label1\" content=\"Dur\u00e9e de lecture estim\u00e9e\" \/>\n\t<meta name=\"twitter:data1\" content=\"1 minute\" \/>\n<script type=\"application\/ld+json\" class=\"yoast-schema-graph\">{\"@context\":\"https:\\\/\\\/schema.org\",\"@graph\":[{\"@type\":\"WebPage\",\"@id\":\"https:\\\/\\\/claudemaillot.com\\\/\",\"url\":\"https:\\\/\\\/claudemaillot.com\\\/\",\"name\":\"Un trait \u00e0 la fois avec passion et patience\",\"isPartOf\":{\"@id\":\"https:\\\/\\\/claudemaillot.com\\\/#website\"},\"primaryImageOfPage\":{\"@id\":\"https:\\\/\\\/claudemaillot.com\\\/#primaryimage\"},\"image\":{\"@id\":\"https:\\\/\\\/claudemaillot.com\\\/#primaryimage\"},\"thumbnailUrl\":\"https:\\\/\\\/claudemaillot.com\\\/wp-content\\\/uploads\\\/2026\\\/01\\\/bruxelles-le-mont-des-arts.webp\",\"datePublished\":\"2026-03-01T10:33:11+00:00\",\"dateModified\":\"2026-03-30T10:58:15+00:00\",\"description\":\"Un trait \u00e0 la fois, avec passion et patience. D\u00e9couvrez les illustrations originales \u00e0 l'encre et les dessins sur mesure de Claude Maillot.\",\"breadcrumb\":{\"@id\":\"https:\\\/\\\/claudemaillot.com\\\/#breadcrumb\"},\"inLanguage\":\"fr-FR\",\"potentialAction\":[{\"@type\":\"ReadAction\",\"target\":[\"https:\\\/\\\/claudemaillot.com\\\/\"]}]},{\"@type\":\"ImageObject\",\"inLanguage\":\"fr-FR\",\"@id\":\"https:\\\/\\\/claudemaillot.com\\\/#primaryimage\",\"url\":\"https:\\\/\\\/claudemaillot.com\\\/wp-content\\\/uploads\\\/2026\\\/01\\\/bruxelles-le-mont-des-arts.webp\",\"contentUrl\":\"https:\\\/\\\/claudemaillot.com\\\/wp-content\\\/uploads\\\/2026\\\/01\\\/bruxelles-le-mont-des-arts.webp\",\"width\":1357,\"height\":1920,\"caption\":\"Bruxelles le mont des arts\"},{\"@type\":\"BreadcrumbList\",\"@id\":\"https:\\\/\\\/claudemaillot.com\\\/#breadcrumb\",\"itemListElement\":[{\"@type\":\"ListItem\",\"position\":1,\"name\":\"Accueil\",\"item\":\"https:\\\/\\\/claudemaillot.com\\\/\"},{\"@type\":\"ListItem\",\"position\":2,\"name\":\"Accueil\"}]},{\"@type\":\"WebSite\",\"@id\":\"https:\\\/\\\/claudemaillot.com\\\/#website\",\"url\":\"https:\\\/\\\/claudemaillot.com\\\/\",\"name\":\"Claude Maillot\",\"description\":\"Un trait tout simplement avec passion et patience\",\"publisher\":{\"@id\":\"https:\\\/\\\/claudemaillot.com\\\/#\\\/schema\\\/person\\\/4b127cb441d7503c9c8126de84eeece1\"},\"potentialAction\":[{\"@type\":\"SearchAction\",\"target\":{\"@type\":\"EntryPoint\",\"urlTemplate\":\"https:\\\/\\\/claudemaillot.com\\\/?s={search_term_string}\"},\"query-input\":{\"@type\":\"PropertyValueSpecification\",\"valueRequired\":true,\"valueName\":\"search_term_string\"}}],\"inLanguage\":\"fr-FR\"},{\"@type\":[\"Person\",\"Organization\"],\"@id\":\"https:\\\/\\\/claudemaillot.com\\\/#\\\/schema\\\/person\\\/4b127cb441d7503c9c8126de84eeece1\",\"name\":\"Claude Maillot\",\"image\":{\"@type\":\"ImageObject\",\"inLanguage\":\"fr-FR\",\"@id\":\"http:\\\/\\\/claudemaillot.com\\\/wp-content\\\/uploads\\\/2025\\\/06\\\/Logo-CM.png\",\"url\":\"http:\\\/\\\/claudemaillot.com\\\/wp-content\\\/uploads\\\/2025\\\/06\\\/Logo-CM.png\",\"contentUrl\":\"http:\\\/\\\/claudemaillot.com\\\/wp-content\\\/uploads\\\/2025\\\/06\\\/Logo-CM.png\",\"width\":500,\"height\":500,\"caption\":\"Claude Maillot\"},\"logo\":{\"@id\":\"http:\\\/\\\/claudemaillot.com\\\/wp-content\\\/uploads\\\/2025\\\/06\\\/Logo-CM.png\"},\"sameAs\":[\"https:\\\/\\\/claudemaillot.com\",\"https:\\\/\\\/www.facebook.com\\\/claude.maillot.58?locale=fr_FR\",\"https:\\\/\\\/www.instagram.com\\\/claude_maillot\\\/\",\"https:\\\/\\\/www.linkedin.com\\\/in\\\/claude-maillot\\\/\",\"https:\\\/\\\/fr.pinterest.com\\\/claudemaillot7\\\/\"]}]}<\/script>\n<!-- \/ Yoast SEO plugin. -->","yoast_head_json":{"title":"Un trait \u00e0 la fois avec passion et patience","description":"Un trait \u00e0 la fois, avec passion et patience. D\u00e9couvrez les illustrations originales \u00e0 l'encre et les dessins sur mesure de Claude Maillot.","robots":{"index":"index","follow":"follow","max-snippet":"max-snippet:-1","max-image-preview":"max-image-preview:large","max-video-preview":"max-video-preview:-1"},"canonical":"https:\/\/claudemaillot.com\/","og_locale":"fr_FR","og_type":"article","og_title":"Un trait \u00e0 la fois avec passion et patience","og_description":"Un trait \u00e0 la fois, avec passion et patience. D\u00e9couvrez les illustrations originales \u00e0 l'encre et les dessins sur mesure de Claude Maillot.","og_url":"https:\/\/claudemaillot.com\/","og_site_name":"Claude Maillot","article_publisher":"https:\/\/www.facebook.com\/claude.maillot.58?locale=fr_FR","article_modified_time":"2026-03-30T10:58:15+00:00","og_image":[{"width":1357,"height":1920,"url":"https:\/\/claudemaillot.com\/wp-content\/uploads\/2026\/01\/bruxelles-le-mont-des-arts.webp","type":"image\/webp"}],"twitter_card":"summary_large_image","twitter_misc":{"Dur\u00e9e de lecture estim\u00e9e":"1 minute"},"schema":{"@context":"https:\/\/schema.org","@graph":[{"@type":"WebPage","@id":"https:\/\/claudemaillot.com\/","url":"https:\/\/claudemaillot.com\/","name":"Un trait \u00e0 la fois avec passion et patience","isPartOf":{"@id":"https:\/\/claudemaillot.com\/#website"},"primaryImageOfPage":{"@id":"https:\/\/claudemaillot.com\/#primaryimage"},"image":{"@id":"https:\/\/claudemaillot.com\/#primaryimage"},"thumbnailUrl":"https:\/\/claudemaillot.com\/wp-content\/uploads\/2026\/01\/bruxelles-le-mont-des-arts.webp","datePublished":"2026-03-01T10:33:11+00:00","dateModified":"2026-03-30T10:58:15+00:00","description":"Un trait \u00e0 la fois, avec passion et patience. D\u00e9couvrez les illustrations originales \u00e0 l'encre et les dessins sur mesure de Claude Maillot.","breadcrumb":{"@id":"https:\/\/claudemaillot.com\/#breadcrumb"},"inLanguage":"fr-FR","potentialAction":[{"@type":"ReadAction","target":["https:\/\/claudemaillot.com\/"]}]},{"@type":"ImageObject","inLanguage":"fr-FR","@id":"https:\/\/claudemaillot.com\/#primaryimage","url":"https:\/\/claudemaillot.com\/wp-content\/uploads\/2026\/01\/bruxelles-le-mont-des-arts.webp","contentUrl":"https:\/\/claudemaillot.com\/wp-content\/uploads\/2026\/01\/bruxelles-le-mont-des-arts.webp","width":1357,"height":1920,"caption":"Bruxelles le mont des arts"},{"@type":"BreadcrumbList","@id":"https:\/\/claudemaillot.com\/#breadcrumb","itemListElement":[{"@type":"ListItem","position":1,"name":"Accueil","item":"https:\/\/claudemaillot.com\/"},{"@type":"ListItem","position":2,"name":"Accueil"}]},{"@type":"WebSite","@id":"https:\/\/claudemaillot.com\/#website","url":"https:\/\/claudemaillot.com\/","name":"Claude Maillot","description":"Un trait tout simplement avec passion et patience","publisher":{"@id":"https:\/\/claudemaillot.com\/#\/schema\/person\/4b127cb441d7503c9c8126de84eeece1"},"potentialAction":[{"@type":"SearchAction","target":{"@type":"EntryPoint","urlTemplate":"https:\/\/claudemaillot.com\/?s={search_term_string}"},"query-input":{"@type":"PropertyValueSpecification","valueRequired":true,"valueName":"search_term_string"}}],"inLanguage":"fr-FR"},{"@type":["Person","Organization"],"@id":"https:\/\/claudemaillot.com\/#\/schema\/person\/4b127cb441d7503c9c8126de84eeece1","name":"Claude Maillot","image":{"@type":"ImageObject","inLanguage":"fr-FR","@id":"http:\/\/claudemaillot.com\/wp-content\/uploads\/2025\/06\/Logo-CM.png","url":"http:\/\/claudemaillot.com\/wp-content\/uploads\/2025\/06\/Logo-CM.png","contentUrl":"http:\/\/claudemaillot.com\/wp-content\/uploads\/2025\/06\/Logo-CM.png","width":500,"height":500,"caption":"Claude Maillot"},"logo":{"@id":"http:\/\/claudemaillot.com\/wp-content\/uploads\/2025\/06\/Logo-CM.png"},"sameAs":["https:\/\/claudemaillot.com","https:\/\/www.facebook.com\/claude.maillot.58?locale=fr_FR","https:\/\/www.instagram.com\/claude_maillot\/","https:\/\/www.linkedin.com\/in\/claude-maillot\/","https:\/\/fr.pinterest.com\/claudemaillot7\/"]}]}},"_links":{"self":[{"href":"https:\/\/claudemaillot.com\/index.php\/wp-json\/wp\/v2\/pages\/6489","targetHints":{"allow":["GET"]}}],"collection":[{"href":"https:\/\/claudemaillot.com\/index.php\/wp-json\/wp\/v2\/pages"}],"about":[{"href":"https:\/\/claudemaillot.com\/index.php\/wp-json\/wp\/v2\/types\/page"}],"author":[{"embeddable":true,"href":"https:\/\/claudemaillot.com\/index.php\/wp-json\/wp\/v2\/users\/1"}],"replies":[{"embeddable":true,"href":"https:\/\/claudemaillot.com\/index.php\/wp-json\/wp\/v2\/comments?post=6489"}],"version-history":[{"count":38,"href":"https:\/\/claudemaillot.com\/index.php\/wp-json\/wp\/v2\/pages\/6489\/revisions"}],"predecessor-version":[{"id":7770,"href":"https:\/\/claudemaillot.com\/index.php\/wp-json\/wp\/v2\/pages\/6489\/revisions\/7770"}],"wp:featuredmedia":[{"embeddable":true,"href":"https:\/\/claudemaillot.com\/index.php\/wp-json\/wp\/v2\/media\/6286"}],"wp:attachment":[{"href":"https:\/\/claudemaillot.com\/index.php\/wp-json\/wp\/v2\/media?parent=6489"}],"curies":[{"name":"wp","href":"https:\/\/api.w.org\/{rel}","templated":true}]}}